{"id":1011,"date":"2017-11-02T14:33:37","date_gmt":"2017-11-02T18:33:37","guid":{"rendered":"https:\/\/stage.rdvcanada.ca?page_id=1011"},"modified":"2017-11-21T15:59:48","modified_gmt":"2017-11-21T20:59:48","slug":"producteur","status":"publish","type":"page","link":"https:\/\/stage.rdvcanada.ca\/fr\/espace-client\/producteur\/","title":{"rendered":"Producteur"},"content":{"rendered":"\t\t<div data-elementor-type=\"wp-post\" data-elementor-id=\"1011\" class=\"elementor elementor-1011 elementor-858 elementor-bc-flex-widget\" data-elementor-post-type=\"page\">\n\t\t\t\t\t\t<section class=\"elementor-section elementor-top-section elementor-element elementor-element-148b364 elementor-section-boxed elementor-section-height-default elementor-section-height-default\" data-id=\"148b364\" data-element_type=\"section\" data-e-type=\"section\">\n\t\t\t\t\t\t<div class=\"elementor-container elementor-column-gap-default\">\n\t\t\t\t\t<div class=\"elementor-column elementor-col-100 elementor-top-column elementor-element elementor-element-0c8bc9e\" data-id=\"0c8bc9e\" data-element_type=\"column\" data-e-type=\"column\">\n\t\t\t<div class=\"elementor-widget-wrap elementor-element-populated\">\n\t\t\t\t\t\t<div class=\"elementor-element elementor-element-21d7933 elementor-widget elementor-widget-shortcode\" data-id=\"21d7933\" data-element_type=\"widget\" data-e-type=\"widget\" data-widget_type=\"shortcode.default\">\n\t\t\t\t<div class=\"elementor-widget-container\">\n\t\t\t\t\t\t\t<div class=\"elementor-shortcode\">\n        <div class=\"wrapperTableMaster\">\n\n            \n                <div class=\"row\">\n\n                    <div class=\"col-12 d-flex justify-content-end mb-3\">\n\n                        <a href=\"https:\/\/stage.rdvcanada.ca\/en\/client-space\/producer\/add-producer\/\" class=\"btn btn-primary\">Ajouter un producteur<\/a>\n                    <\/div>\n\n                <\/div>\n\n            \n            \n                <div class=\"row\">\n\n                    <div class=\"col-12\">\n\n                        <div class=\"datatables_error\"><\/div>\n\n                    <\/div>\n\n                <\/div>\n                                    <div class=\"row mb-3\">\n\n                        <div class=\"col-4 col-md-2\">\n\n                            <label for=\"datatable_filter_qty\">Filtre<\/label>\n                            <select name=\"datatable_filter_qty\" id=\"datatable_filter_qty\"\n                                    class=\"select2 datatables_entries w-100\" data-clear=\"false\"><\/select>\n\n                        <\/div>\n\n                        <div class=\"col-4 col-md-3\">\n\n                            <label for=\"datatable_filter_public\">Statut public<\/label>\n                            <select name=\"datatable_filter_public\" id=\"datatable_filter_public\"\n                                    class=\"select2 w-100 datatables_filters\" data-filter=\"admin_public_status\"\n                                    data-clear=\"true\" data-search=\"false\">\n\n                                <option value=\"\" selected><\/option>\n\n                                <option value=\"1\">En r\u00e9vision<\/option>\n                                <option value=\"2\">\u00c0 r\u00e9viser<\/option>\n                                <option value=\"3\">Accept\u00e9<\/option>\n                            <\/select>\n\n                        <\/div>\n\n                        <div class=\"col-4 col-md-3\">\n\n                            <label for=\"datatable_filter_intern\">Statut interne<\/label>\n                            <select name=\"datatable_filter_intern\" id=\"datatable_filter_intern\"\n                                    class=\"select2 w-100 datatables_filters\" data-filter=\"admin_intern_status\"\n                                    data-clear=\"true\" data-search=\"false\">\n\n                                <option value=\"\" selected><\/option>\n\n                                <option value=\"1\">\u00c0 valider<\/option>\n                                <option value=\"2\">\u00c0 traduire<\/option>\n                                <option value=\"3\">Pr\u00eat \u00e0 publier<\/option>\n                                <option value=\"4\">Fiche non-sollicit\u00e9e<\/option>\n                            <\/select>\n\n                        <\/div>\n\n                        <div class=\"col-12 mt-3 mt-md-0 col-md-4\">\n\n                            <label for=\"\">Recherche<\/label>\n                            <input type=\"text\" class=\"w-100 datatables_filters\" data-filter=\"search\"\n                                   placeHolder=\"Search\">\n\n                        <\/div>\n\n                    <\/div>\n                            \n            <div class=\"row\">\n\n                <div class=\"col-12\">\n                                            <table class=\"table-incomplete\">\n                            <tr>\n                                <th >\u00c0 compl\u00e9ter<\/th>\n                                <th style=\"width: 50px;\"><\/th>\n                            <\/tr>\n                            <tr><td colspan='2'>Aucune entr\u00e9e \u00e0 compl\u00e9ter<\/td><\/tr>                        <\/table>\n                                            <table class=\"memberarea bt datatables \" data-cpt=\"producers\" data-order='[[2, \"desc\"]]'>\n                    <thead>\n\n                    <tr>\n\n                        <th data-visible=\"true\" data-orderable=\"true\" data-name=\"post_ID\" data-width=\"60px\" data-type=\"html\" class=\"dt-head-left\">Id<\/th><th data-visible=\"true\" data-orderable=\"true\" data-name=\"acf_admin_public_status\" data-width=\"220px\" data-type=\"html\" class=\"dt-head-left\">Statut<\/th><th data-visible=\"true\" data-orderable=\"true\" data-name=\"post_modified\" data-width=\"100px\" data-type=\"html\" class=\"dt-head-left\">Date<\/th><th data-visible=\"true\" data-orderable=\"true\" data-name=\"post_title\" data-width=\"auto\" data-type=\"html\" class=\"dt-head-left\">Produit<\/th><th data-visible=\"true\" data-orderable=\"false\" data-name=\"\" data-width=\"50px\" data-type=\"html\" class=\"dt-head-center\" data-class=\"dt-body-center\">Presence<\/th><th data-visible=\"true\" data-orderable=\"false\" data-name=\"\" data-width=\"50px\" data-type=\"html\" class=\"dt-head-center\" data-class=\"dt-body-center\">Voir<\/th><th data-visible=\"true\" data-orderable=\"false\" data-name=\"\" data-width=\"50px\" data-type=\"html\" class=\"dt-head-center\" data-class=\"dt-body-center\">Modifier<\/th><th data-visible=\"false\" data-orderable=\"false\" data-name=\"\" data-width=\"\" data-type=\"html\" class=\"dt-head-left\">Test Export<\/th>\n                    <\/tr>\n\n                    <\/thead>\n\n                    <tbody>\n\n                    <\/tbody>\n\n                    <\/table>\n\n                    \n                <\/div>\n\n            <\/div>\n\n        <\/div>\n\n        <\/div>\n\t\t\t\t\t\t<\/div>\n\t\t\t\t<\/div>\n\t\t\t\t\t<\/div>\n\t\t<\/div>\n\t\t\t\t\t<\/div>\n\t\t<\/section>\n\t\t\t\t<\/div>\n\t\t","protected":false},"excerpt":{"rendered":"","protected":false},"author":1,"featured_media":0,"parent":983,"menu_order":3,"comment_status":"closed","ping_status":"closed","template":"page-memberarea.php","meta":{"_acf_changed":false,"footnotes":""},"class_list":["post-1011","page","type-page","status-publish","hentry"],"acf":[],"_links":{"self":[{"href":"https:\/\/stage.rdvcanada.ca\/fr\/wp-json\/wp\/v2\/pages\/1011","targetHints":{"allow":["GET"]}}],"collection":[{"href":"https:\/\/stage.rdvcanada.ca\/fr\/wp-json\/wp\/v2\/pages"}],"about":[{"href":"https:\/\/stage.rdvcanada.ca\/fr\/wp-json\/wp\/v2\/types\/page"}],"author":[{"embeddable":true,"href":"https:\/\/stage.rdvcanada.ca\/fr\/wp-json\/wp\/v2\/users\/1"}],"replies":[{"embeddable":true,"href":"https:\/\/stage.rdvcanada.ca\/fr\/wp-json\/wp\/v2\/comments?post=1011"}],"version-history":[{"count":0,"href":"https:\/\/stage.rdvcanada.ca\/fr\/wp-json\/wp\/v2\/pages\/1011\/revisions"}],"up":[{"embeddable":true,"href":"https:\/\/stage.rdvcanada.ca\/fr\/wp-json\/wp\/v2\/pages\/983"}],"wp:attachment":[{"href":"https:\/\/stage.rdvcanada.ca\/fr\/wp-json\/wp\/v2\/media?parent=1011"}],"curies":[{"name":"wp","href":"https:\/\/api.w.org\/{rel}","templated":true}]}}