{"id":41500,"date":"2021-01-21T14:56:27","date_gmt":"2021-01-21T19:56:27","guid":{"rendered":"https:\/\/stage.rdvcanada.ca\/?page_id=41500"},"modified":"2021-06-30T14:52:19","modified_gmt":"2021-06-30T18:52:19","slug":"services-de-production","status":"publish","type":"page","link":"https:\/\/stage.rdvcanada.ca\/fr\/creer-avec-le-canada-old\/services-de-production\/","title":{"rendered":"Services de production"},"content":{"rendered":"\t\t<div data-elementor-type=\"wp-post\" data-elementor-id=\"41500\" class=\"elementor elementor-41500 elementor-40821\" data-elementor-post-type=\"page\">\n\t\t\t\t\t\t<section class=\"elementor-section elementor-top-section elementor-element elementor-element-30513848 elementor-section-height-min-height elementor-section-items-stretch elementor-section-stretched elementor-section-boxed elementor-section-height-default\" data-id=\"30513848\" data-element_type=\"section\" data-e-type=\"section\" data-settings=\"{&quot;stretch_section&quot;:&quot;section-stretched&quot;}\">\n\t\t\t\t\t\t<div class=\"elementor-container elementor-column-gap-default\">\n\t\t\t\t\t<div class=\"elementor-column elementor-col-50 elementor-top-column elementor-element elementor-element-299d8749\" data-id=\"299d8749\" data-element_type=\"column\" data-e-type=\"column\">\n\t\t\t<div class=\"elementor-widget-wrap elementor-element-populated\">\n\t\t\t\t\t\t<div class=\"elementor-element elementor-element-e31ba1e animated-fast elementor-invisible elementor-widget elementor-widget-heading\" data-id=\"e31ba1e\" data-element_type=\"widget\" data-e-type=\"widget\" data-settings=\"{&quot;_animation_delay&quot;:300,&quot;_animation&quot;:&quot;fadeIn&quot;}\" data-widget_type=\"heading.default\">\n\t\t\t\t<div class=\"elementor-widget-container\">\n\t\t\t\t\t<h1 class=\"elementor-heading-title elementor-size-xxl\" id=\"services\">Services<\/h1>\t\t\t\t<\/div>\n\t\t\t\t<\/div>\n\t\t\t\t<div class=\"elementor-element elementor-element-1a6e82db animated-fast elementor-invisible elementor-widget elementor-widget-heading\" data-id=\"1a6e82db\" data-element_type=\"widget\" data-e-type=\"widget\" data-settings=\"{&quot;_animation_delay&quot;:300,&quot;_animation&quot;:&quot;fadeIn&quot;}\" data-widget_type=\"heading.default\">\n\t\t\t\t<div class=\"elementor-widget-container\">\n\t\t\t\t\t<h1 class=\"elementor-heading-title elementor-size-xxl\" id=\"de-production\">de production.<\/h1>\t\t\t\t<\/div>\n\t\t\t\t<\/div>\n\t\t\t\t\t<\/div>\n\t\t<\/div>\n\t\t\t\t<div class=\"elementor-column elementor-col-50 elementor-top-column elementor-element elementor-element-d01ab32 elementor-hidden-phone\" data-id=\"d01ab32\" data-element_type=\"column\" data-e-type=\"column\" data-settings=\"{&quot;background_background&quot;:&quot;classic&quot;}\">\n\t\t\t<div class=\"elementor-widget-wrap\">\n\t\t\t\t\t\t\t<\/div>\n\t\t<\/div>\n\t\t\t\t\t<\/div>\n\t\t<\/section>\n\t\t\t\t<section class=\"elementor-section elementor-top-section elementor-element elementor-element-27938fc8 elementor-section-height-min-height elementor-section-items-stretch elementor-section-stretched elementor-section-boxed elementor-section-height-default\" data-id=\"27938fc8\" data-element_type=\"section\" data-e-type=\"section\" data-settings=\"{&quot;stretch_section&quot;:&quot;section-stretched&quot;}\">\n\t\t\t\t\t\t<div class=\"elementor-container elementor-column-gap-default\">\n\t\t\t\t\t<div class=\"elementor-column elementor-col-100 elementor-top-column elementor-element elementor-element-44b898c\" data-id=\"44b898c\" data-element_type=\"column\" data-e-type=\"column\" data-settings=\"{&quot;background_background&quot;:&quot;classic&quot;}\">\n\t\t\t<div class=\"elementor-widget-wrap elementor-element-populated\">\n\t\t\t\t\t\t<div class=\"elementor-element elementor-element-329e2f06 elementor-widget elementor-widget-spacer\" data-id=\"329e2f06\" data-element_type=\"widget\" data-e-type=\"widget\" data-widget_type=\"spacer.default\">\n\t\t\t\t<div class=\"elementor-widget-container\">\n\t\t\t\t\t\t\t<div class=\"elementor-spacer\">\n\t\t\t<div class=\"elementor-spacer-inner\"><\/div>\n\t\t<\/div>\n\t\t\t\t\t\t<\/div>\n\t\t\t\t<\/div>\n\t\t\t\t\t<\/div>\n\t\t<\/div>\n\t\t\t\t\t<\/div>\n\t\t<\/section>\n\t\t\t\t<section class=\"elementor-section elementor-top-section elementor-element elementor-element-5599d252 elementor-section-boxed elementor-section-height-default elementor-section-height-default\" data-id=\"5599d252\" data-element_type=\"section\" data-e-type=\"section\">\n\t\t\t\t\t\t<div class=\"elementor-container elementor-column-gap-default\">\n\t\t\t\t\t<div class=\"elementor-column elementor-col-100 elementor-top-column elementor-element elementor-element-7b958d2a\" data-id=\"7b958d2a\" data-element_type=\"column\" data-e-type=\"column\">\n\t\t\t<div class=\"elementor-widget-wrap elementor-element-populated\">\n\t\t\t\t\t\t<div class=\"elementor-element elementor-element-18bb4be4 animated-fast elementor-invisible elementor-widget elementor-widget-heading\" data-id=\"18bb4be4\" data-element_type=\"widget\" data-e-type=\"widget\" data-settings=\"{&quot;_animation&quot;:&quot;fadeInUp&quot;,&quot;_animation_delay&quot;:300}\" data-widget_type=\"heading.default\">\n\t\t\t\t<div class=\"elementor-widget-container\">\n\t\t\t\t\t<h2 class=\"elementor-heading-title elementor-size-xl\" id=\"au-canada-on-voit-grand\">Au Canada, on voit grand.<\/h2>\t\t\t\t<\/div>\n\t\t\t\t<\/div>\n\t\t\t\t<div class=\"elementor-element elementor-element-5c6986e1 animated-fast elementor-invisible elementor-widget elementor-widget-text-editor\" data-id=\"5c6986e1\" data-element_type=\"widget\" data-e-type=\"widget\" data-settings=\"{&quot;_animation&quot;:&quot;fadeInUp&quot;,&quot;_animation_delay&quot;:300}\" data-widget_type=\"text-editor.default\">\n\t\t\t\t<div class=\"elementor-widget-container\">\n\t\t\t\t\t\t\t\t\t<div class=\"elementor-element elementor-element-f5319d0 elementor-widget elementor-widget-text-editor\" data-id=\"f5319d0\" data-element_type=\"widget\" data-widget_type=\"text-editor.default\"><div class=\"elementor-widget-container\"><div class=\"elementor-text-editor elementor-clearfix\"><p>Recourez \u00e0 notre expertise de pointe et \u00e0 nos diff\u00e9rentes offres pour faire briller votre prochain projet!<\/p><\/div><\/div><\/div><div class=\"elementor-element elementor-element-08a20c2 elementor-widget elementor-widget-text-editor\" data-id=\"08a20c2\" data-element_type=\"widget\" data-widget_type=\"text-editor.default\"><div class=\"elementor-widget-container\"><div class=\"elementor-text-editor elementor-clearfix\"><p>En mati\u00e8re de\u00a0<span style=\"color: #c72626;\"><strong>services de production<\/strong><\/span>, le Canada a du talent \u00e0 revendre : r\u00e9alit\u00e9 virtuelle, animation, effets sp\u00e9ciaux, conception sonore, conception de d\u00e9cors, etc.<\/p><p>Nul besoin de parcourir la plan\u00e8te pour trouver <span style=\"color: #000000;\">le<\/span><strong><span style=\"color: #c72626;\">\u00a0lieu parfait<\/span>\u00a0<\/strong>! Vous n\u2019avez qu\u2019\u00e0 choisir parmi les splendides paysages naturels et urbains du Canada. Qu\u2019il s\u2019agisse de cha\u00eenes de montagnes, de paysages c\u00f4tiers spectaculaires ou de gratte-ciels, le Canada a tout pour vous combler.<\/p><\/div><\/div><\/div>\t\t\t\t\t\t\t\t<\/div>\n\t\t\t\t<\/div>\n\t\t\t\t<div class=\"elementor-element elementor-element-5152555f animated-fast elementor-invisible elementor-widget elementor-widget-toggle\" data-id=\"5152555f\" data-element_type=\"widget\" data-e-type=\"widget\" data-settings=\"{&quot;_animation&quot;:&quot;fadeInUp&quot;,&quot;_animation_delay&quot;:300}\" data-widget_type=\"toggle.default\">\n\t\t\t\t<div class=\"elementor-widget-container\">\n\t\t\t\t\t\t\t<div class=\"elementor-toggle\">\n\t\t\t\t\t\t\t<div class=\"elementor-toggle-item\">\n\t\t\t\t\t<h3 id=\"elementor-tab-title-1361\" class=\"elementor-tab-title\" data-tab=\"1\" role=\"button\" aria-controls=\"elementor-tab-content-1361\" aria-expanded=\"false\">\n\t\t\t\t\t\t\t\t\t\t\t\t<span class=\"elementor-toggle-icon elementor-toggle-icon-left\" aria-hidden=\"true\">\n\t\t\t\t\t\t\t\t\t\t\t\t\t\t\t<span class=\"elementor-toggle-icon-closed\"><i class=\"fas fa-angle-down\"><\/i><\/span>\n\t\t\t\t\t\t\t\t<span class=\"elementor-toggle-icon-opened\"><i class=\"elementor-toggle-icon-opened fas fa-angle-up\"><\/i><\/span>\n\t\t\t\t\t\t\t\t\t\t\t\t\t<\/span>\n\t\t\t\t\t\t\t\t\t\t\t\t<a class=\"elementor-toggle-title\" tabindex=\"0\">Associations professionnelles<\/a>\n\t\t\t\t\t<\/h3>\n\n\t\t\t\t\t<div id=\"elementor-tab-content-1361\" class=\"elementor-tab-content elementor-clearfix\" data-tab=\"1\" role=\"region\" aria-labelledby=\"elementor-tab-title-1361\"><h4 id=\"des-experts-locaux-sont-prets-a-vous-offrir-leur-soutien\">Des experts locaux sont pr\u00eats \u00e0 vous offrir leur soutien<\/h4><p>\u00a0<\/p><p><a href=\"http:\/\/www.aboriginalprofessionals.org\/\">Aboriginal Professional Association of Canada (APAC)<\/a><\/p><p><a href=\"http:\/\/www.academy.ca\/\">Acad\u00e9mie canadienne du cin\u00e9ma et de la t\u00e9l\u00e9vision<\/a><\/p><p><a href=\"http:\/\/www.aqtis.qc.ca\/\">Alliance qu\u00e9b\u00e9coise des techniciens de l\u2019image et du son<\/a><\/p><p><a href=\"https:\/\/www.wct-fct.com\/\">Association canadienne des femmes en communication<\/a><\/p><p><a href=\"https:\/\/www.aqpm.ca\/\">Association qu\u00e9b\u00e9coise de la production m\u00e9diatique<\/a><\/p><p><a href=\"http:\/\/www.cmpa.ca\/\">Canadian Media Production Association (CMPA)<\/a><\/p><p><a href=\"http:\/\/www.csc.ca\/\">Canadian Society of Cinematographers<\/a><\/p><p><a href=\"https:\/\/lefric.ca\/\">Front des r\u00e9alisateurs ind\u00e9pendants du Canada<\/a><\/p><p><a href=\"http:\/\/www.dgc.ca\/\">Guilde canadienne des r\u00e9alisateurs<\/a><\/p><p><a href=\"https:\/\/fr.docorg.ca\/\">L\u2019Association des documentaristes du Canada (DOC)<\/a><\/p><p><a href=\"http:\/\/www.socan.ca\/\">Soci\u00e9t\u00e9 canadienne des auteurs, compositeurs et \u00e9diteurs de musique (la SOCAN)\u00a0<\/a><\/p><p><a href=\"http:\/\/www.sacd.ca\/\">Soci\u00e9t\u00e9 des Auteurs et Compositeurs Dramatiques (SACD)<\/a><\/p><p><a href=\"http:\/\/www.sartec.qc.ca\/\">Soci\u00e9t\u00e9 des Auteurs de Radio, T\u00e9l\u00e9vision et Cin\u00e9ma<\/a><\/p><p><a href=\"http:\/\/www.writersguildofcanada.com\/\">Writers Guild of Canada\u00a0<\/a><\/p><\/div>\n\t\t\t\t<\/div>\n\t\t\t\t\t\t\t<div class=\"elementor-toggle-item\">\n\t\t\t\t\t<h3 id=\"elementor-tab-title-1362\" class=\"elementor-tab-title\" data-tab=\"2\" role=\"button\" aria-controls=\"elementor-tab-content-1362\" aria-expanded=\"false\">\n\t\t\t\t\t\t\t\t\t\t\t\t<span class=\"elementor-toggle-icon elementor-toggle-icon-left\" aria-hidden=\"true\">\n\t\t\t\t\t\t\t\t\t\t\t\t\t\t\t<span class=\"elementor-toggle-icon-closed\"><i class=\"fas fa-angle-down\"><\/i><\/span>\n\t\t\t\t\t\t\t\t<span class=\"elementor-toggle-icon-opened\"><i class=\"elementor-toggle-icon-opened fas fa-angle-up\"><\/i><\/span>\n\t\t\t\t\t\t\t\t\t\t\t\t\t<\/span>\n\t\t\t\t\t\t\t\t\t\t\t\t<a class=\"elementor-toggle-title\" tabindex=\"0\">Lieux de tournage<\/a>\n\t\t\t\t\t<\/h3>\n\n\t\t\t\t\t<div id=\"elementor-tab-content-1362\" class=\"elementor-tab-content elementor-clearfix\" data-tab=\"2\" role=\"region\" aria-labelledby=\"elementor-tab-title-1362\"><h4 id=\"des-sites-uniques-pour-realiser-votre-projet\">Des sites uniques pour r\u00e9aliser votre projet<\/h4><p>\u00a0<\/p><p><a href=\"http:\/\/www.nlfdc.ca\/\">Newfoundland &amp; Labrador Film Development Corporation<\/a><\/p><p><a href=\"http:\/\/screennovascotia.com\/locations\/\">Screen Nova Scotia<\/a><\/p><p><a href=\"http:\/\/www.nbfilm.ca\/\">New Brunswick Film Nouveau-Brunswick Canada<\/a><\/p><p><a href=\"http:\/\/www.bctq.ca\/\">Bureau du cin\u00e9ma et de la t\u00e9l\u00e9vision du Qu\u00e9bec<\/a><\/p><p><a href=\"https:\/\/ontariocreates.ca\/fr\/\">Ontario cr\u00e9atif<\/a><\/p><p><a href=\"http:\/\/www.mbfilmmusic.ca\/\">Musique et Film Manitoba<\/a><\/p><p><a href=\"http:\/\/www.creativesask.ca\/\">Creative Saskatchewan<\/a><\/p><p><a href=\"http:\/\/film.alberta.ca\/\">Culture et Tourisme Alberta<\/a><\/p><p><a href=\"http:\/\/www.bcfilmcommission.com\/\">Creative BC<\/a><\/p><p><a href=\"http:\/\/www.reelyukon.com\/\">Yukon Media Development<\/a><\/p><p><a href=\"http:\/\/www.nwtfilm.com\/\">Territoires du Nord-Ouest \u2013 Industry, Tourism and Investment<\/a><\/p><p><a href=\"http:\/\/www.nunavutfilm.ca\/\">Nunavut Film Development Corporation<\/a><\/p><\/div>\n\t\t\t\t<\/div>\n\t\t\t\t\t\t\t\t<\/div>\n\t\t\t\t\t\t<\/div>\n\t\t\t\t<\/div>\n\t\t\t\t\t<\/div>\n\t\t<\/div>\n\t\t\t\t\t<\/div>\n\t\t<\/section>\n\t\t\t\t<\/div>\n\t\t","protected":false},"excerpt":{"rendered":"<p>Services de production. Au Canada, on voit grand. Recourez \u00e0 notre expertise de pointe et \u00e0 nos diff\u00e9rentes offres pour faire briller votre prochain projet! En mati\u00e8re de\u00a0services de production, le Canada a du talent \u00e0 revendre : r\u00e9alit\u00e9 virtuelle, animation, effets sp\u00e9ciaux, conception sonore, conception de d\u00e9cors, etc. Nul besoin de parcourir la plan\u00e8te&#8230;<\/p>\n","protected":false},"author":879,"featured_media":0,"parent":2802,"menu_order":3,"comment_status":"closed","ping_status":"closed","template":"","meta":{"_acf_changed":false,"_crdt_document":"","footnotes":""},"class_list":["post-41500","page","type-page","status-publish","hentry"],"acf":[],"yoast_head":"<!-- This site is optimized with the Yoast SEO plugin v27.4 - https:\/\/yoast.com\/product\/yoast-seo-wordpress\/ -->\n<title>Services de production - RDVCanada.ca<\/title>\n<meta name=\"robots\" content=\"noindex, follow, max-snippet:-1, max-image-preview:large, max-video-preview:-1\" \/>\n<meta property=\"og:locale\" content=\"fr_CA\" \/>\n<meta property=\"og:type\" content=\"article\" \/>\n<meta property=\"og:title\" content=\"Services de production - RDVCanada.ca\" \/>\n<meta property=\"og:description\" content=\"Services de production. Au Canada, on voit grand. Recourez \u00e0 notre expertise de pointe et \u00e0 nos diff\u00e9rentes offres pour faire briller votre prochain projet! En mati\u00e8re de\u00a0services de production, le Canada a du talent \u00e0 revendre : r\u00e9alit\u00e9 virtuelle, animation, effets sp\u00e9ciaux, conception sonore, conception de d\u00e9cors, etc. Nul besoin de parcourir la plan\u00e8te...\" \/>\n<meta property=\"og:url\" content=\"https:\/\/stage.rdvcanada.ca\/fr\/creer-avec-le-canada-old\/services-de-production\/\" \/>\n<meta property=\"og:site_name\" content=\"RDVCanada.ca\" \/>\n<meta property=\"article:publisher\" content=\"https:\/\/www.facebook.com\/telefilmcanada\" \/>\n<meta property=\"article:modified_time\" content=\"2021-06-30T18:52:19+00:00\" \/>\n<meta name=\"twitter:card\" content=\"summary_large_image\" \/>\n<meta name=\"twitter:site\" content=\"@Telefilm_Canada\" \/>\n<meta name=\"twitter:label1\" content=\"Estimation du temps de lecture\" \/>\n\t<meta name=\"twitter:data1\" content=\"2 minutes\" \/>\n<script type=\"application\/ld+json\" class=\"yoast-schema-graph\">{\n\t    \"@context\": \"https:\\\/\\\/schema.org\",\n\t    \"@graph\": [\n\t        {\n\t            \"@type\": \"WebPage\",\n\t            \"@id\": \"https:\\\/\\\/stage.rdvcanada.ca\\\/fr\\\/creer-avec-le-canada-old\\\/services-de-production\\\/\",\n\t            \"url\": \"https:\\\/\\\/stage.rdvcanada.ca\\\/fr\\\/creer-avec-le-canada-old\\\/services-de-production\\\/\",\n\t            \"name\": \"Services de production - RDVCanada.ca\",\n\t            \"isPartOf\": {\n\t                \"@id\": \"https:\\\/\\\/stage.rdvcanada.ca\\\/en\\\/#website\"\n\t            },\n\t            \"datePublished\": \"2021-01-21T19:56:27+00:00\",\n\t            \"dateModified\": \"2021-06-30T18:52:19+00:00\",\n\t            \"breadcrumb\": {\n\t                \"@id\": \"https:\\\/\\\/stage.rdvcanada.ca\\\/fr\\\/creer-avec-le-canada-old\\\/services-de-production\\\/#breadcrumb\"\n\t            },\n\t            \"inLanguage\": \"fr-CA\",\n\t            \"potentialAction\": [\n\t                {\n\t                    \"@type\": \"ReadAction\",\n\t                    \"target\": [\n\t                        \"https:\\\/\\\/stage.rdvcanada.ca\\\/fr\\\/creer-avec-le-canada-old\\\/services-de-production\\\/\"\n\t                    ]\n\t                }\n\t            ]\n\t        },\n\t        {\n\t            \"@type\": \"BreadcrumbList\",\n\t            \"@id\": \"https:\\\/\\\/stage.rdvcanada.ca\\\/fr\\\/creer-avec-le-canada-old\\\/services-de-production\\\/#breadcrumb\",\n\t            \"itemListElement\": [\n\t                {\n\t                    \"@type\": \"ListItem\",\n\t                    \"position\": 1,\n\t                    \"name\": \"Home\",\n\t                    \"item\": \"https:\\\/\\\/stage.rdvcanada.ca\\\/en\\\/\"\n\t                },\n\t                {\n\t                    \"@type\": \"ListItem\",\n\t                    \"position\": 2,\n\t                    \"name\": \"Cr\u00e9er avec le Canada\",\n\t                    \"item\": \"https:\\\/\\\/stage.rdvcanada.ca\\\/fr\\\/creer-avec-le-canada-old\\\/\"\n\t                },\n\t                {\n\t                    \"@type\": \"ListItem\",\n\t                    \"position\": 3,\n\t                    \"name\": \"Services de production\"\n\t                }\n\t            ]\n\t        },\n\t        {\n\t            \"@type\": \"WebSite\",\n\t            \"@id\": \"https:\\\/\\\/stage.rdvcanada.ca\\\/en\\\/#website\",\n\t            \"url\": \"https:\\\/\\\/stage.rdvcanada.ca\\\/en\\\/\",\n\t            \"name\": \"RDVCanada.ca\",\n\t            \"description\": \"VOIR GRAND. D\u00e9couvrez le meilleur du talent Canadien \u00e0 travers le monde.\",\n\t            \"potentialAction\": [\n\t                {\n\t                    \"@type\": \"SearchAction\",\n\t                    \"target\": {\n\t                        \"@type\": \"EntryPoint\",\n\t                        \"urlTemplate\": \"https:\\\/\\\/stage.rdvcanada.ca\\\/en\\\/?s={search_term_string}\"\n\t                    },\n\t                    \"query-input\": {\n\t                        \"@type\": \"PropertyValueSpecification\",\n\t                        \"valueRequired\": true,\n\t                        \"valueName\": \"search_term_string\"\n\t                    }\n\t                }\n\t            ],\n\t            \"inLanguage\": \"fr-CA\"\n\t        }\n\t    ]\n\t}<\/script>\n<!-- \/ Yoast SEO plugin. -->","yoast_head_json":{"title":"Services de production - RDVCanada.ca","robots":{"index":"noindex","follow":"follow","max-snippet":"max-snippet:-1","max-image-preview":"max-image-preview:large","max-video-preview":"max-video-preview:-1"},"og_locale":"fr_CA","og_type":"article","og_title":"Services de production - RDVCanada.ca","og_description":"Services de production. Au Canada, on voit grand. Recourez \u00e0 notre expertise de pointe et \u00e0 nos diff\u00e9rentes offres pour faire briller votre prochain projet! En mati\u00e8re de\u00a0services de production, le Canada a du talent \u00e0 revendre : r\u00e9alit\u00e9 virtuelle, animation, effets sp\u00e9ciaux, conception sonore, conception de d\u00e9cors, etc. Nul besoin de parcourir la plan\u00e8te...","og_url":"https:\/\/stage.rdvcanada.ca\/fr\/creer-avec-le-canada-old\/services-de-production\/","og_site_name":"RDVCanada.ca","article_publisher":"https:\/\/www.facebook.com\/telefilmcanada","article_modified_time":"2021-06-30T18:52:19+00:00","twitter_card":"summary_large_image","twitter_site":"@Telefilm_Canada","twitter_misc":{"Estimation du temps de lecture":"2 minutes"},"schema":{"@context":"https:\/\/schema.org","@graph":[{"@type":"WebPage","@id":"https:\/\/stage.rdvcanada.ca\/fr\/creer-avec-le-canada-old\/services-de-production\/","url":"https:\/\/stage.rdvcanada.ca\/fr\/creer-avec-le-canada-old\/services-de-production\/","name":"Services de production - RDVCanada.ca","isPartOf":{"@id":"https:\/\/stage.rdvcanada.ca\/en\/#website"},"datePublished":"2021-01-21T19:56:27+00:00","dateModified":"2021-06-30T18:52:19+00:00","breadcrumb":{"@id":"https:\/\/stage.rdvcanada.ca\/fr\/creer-avec-le-canada-old\/services-de-production\/#breadcrumb"},"inLanguage":"fr-CA","potentialAction":[{"@type":"ReadAction","target":["https:\/\/stage.rdvcanada.ca\/fr\/creer-avec-le-canada-old\/services-de-production\/"]}]},{"@type":"BreadcrumbList","@id":"https:\/\/stage.rdvcanada.ca\/fr\/creer-avec-le-canada-old\/services-de-production\/#breadcrumb","itemListElement":[{"@type":"ListItem","position":1,"name":"Home","item":"https:\/\/stage.rdvcanada.ca\/en\/"},{"@type":"ListItem","position":2,"name":"Cr\u00e9er avec le Canada","item":"https:\/\/stage.rdvcanada.ca\/fr\/creer-avec-le-canada-old\/"},{"@type":"ListItem","position":3,"name":"Services de production"}]},{"@type":"WebSite","@id":"https:\/\/stage.rdvcanada.ca\/en\/#website","url":"https:\/\/stage.rdvcanada.ca\/en\/","name":"RDVCanada.ca","description":"VOIR GRAND. D\u00e9couvrez le meilleur du talent Canadien \u00e0 travers le monde.","potentialAction":[{"@type":"SearchAction","target":{"@type":"EntryPoint","urlTemplate":"https:\/\/stage.rdvcanada.ca\/en\/?s={search_term_string}"},"query-input":{"@type":"PropertyValueSpecification","valueRequired":true,"valueName":"search_term_string"}}],"inLanguage":"fr-CA"}]}},"_links":{"self":[{"href":"https:\/\/stage.rdvcanada.ca\/fr\/wp-json\/wp\/v2\/pages\/41500","targetHints":{"allow":["GET"]}}],"collection":[{"href":"https:\/\/stage.rdvcanada.ca\/fr\/wp-json\/wp\/v2\/pages"}],"about":[{"href":"https:\/\/stage.rdvcanada.ca\/fr\/wp-json\/wp\/v2\/types\/page"}],"author":[{"embeddable":true,"href":"https:\/\/stage.rdvcanada.ca\/fr\/wp-json\/wp\/v2\/users\/879"}],"replies":[{"embeddable":true,"href":"https:\/\/stage.rdvcanada.ca\/fr\/wp-json\/wp\/v2\/comments?post=41500"}],"version-history":[{"count":0,"href":"https:\/\/stage.rdvcanada.ca\/fr\/wp-json\/wp\/v2\/pages\/41500\/revisions"}],"up":[{"embeddable":true,"href":"https:\/\/stage.rdvcanada.ca\/fr\/wp-json\/wp\/v2\/pages\/2802"}],"wp:attachment":[{"href":"https:\/\/stage.rdvcanada.ca\/fr\/wp-json\/wp\/v2\/media?parent=41500"}],"curies":[{"name":"wp","href":"https:\/\/api.w.org\/{rel}","templated":true}]}}