{"id":983,"date":"2017-11-07T08:25:56","date_gmt":"2017-11-07T13:25:56","guid":{"rendered":"https:\/\/stage.rdvcanada.ca?page_id=983"},"modified":"2024-11-12T15:42:48","modified_gmt":"2024-11-12T20:42:48","slug":"espace-client","status":"publish","type":"page","link":"https:\/\/stage.rdvcanada.ca\/fr\/espace-client\/","title":{"rendered":"Espace Client"},"content":{"rendered":"\t\t<div data-elementor-type=\"wp-post\" data-elementor-id=\"983\" class=\"elementor elementor-983 elementor-824\" data-elementor-post-type=\"page\">\n\t\t\t\t\t\t<section class=\"elementor-section elementor-top-section elementor-element elementor-element-3707163f elementor-section-boxed elementor-section-height-default elementor-section-height-default\" data-id=\"3707163f\" data-element_type=\"section\" data-e-type=\"section\" id=\"client_space_liste\">\n\t\t\t\t\t\t<div class=\"elementor-container elementor-column-gap-default\">\n\t\t\t\t\t<div class=\"elementor-column elementor-col-100 elementor-top-column elementor-element elementor-element-433aae4f\" data-id=\"433aae4f\" data-element_type=\"column\" data-e-type=\"column\">\n\t\t\t<div class=\"elementor-widget-wrap elementor-element-populated\">\n\t\t\t\t\t\t<div class=\"elementor-element elementor-element-277e60bd elementor-widget elementor-widget-text-editor\" data-id=\"277e60bd\" data-element_type=\"widget\" data-e-type=\"widget\" data-widget_type=\"text-editor.default\">\n\t\t\t\t<div class=\"elementor-widget-container\">\n\t\t\t\t\t\t\t\t\t<p><span style=\"font-size: 1.125rem; letter-spacing: 0px;\">\n        <div class=\"wrapperTableMaster\">\n\n            \n                <div class=\"row\">\n\n                    <div class=\"col-12 d-flex justify-content-end mb-3\">\n\n                        <a href=\"https:\/\/stage.rdvcanada.ca\/en\/client-space\/company\/add-company\/\" class=\"btn btn-primary mr-3\">Ajouter une compagnie<\/a>\n                        <a href=\"https:\/\/stage.rdvcanada.ca\/en\/client-space\/company\/\" class=\"btn btn-primary\">Voir toutes les compagnies<\/a>\n                    <\/div>\n\n                <\/div>\n\n            \n            \n            <div class=\"row\">\n\n                <div class=\"col-12\">\n\n                                            <table class=\"table-incomplete\">\n                            <tr>\n                                <th >\u00c0 compl\u00e9ter<\/th>\n                                <th style=\"width: 50px;\"><\/th>\n                            <\/tr>\n                            <tr><td colspan='2'>Aucune entr\u00e9e \u00e0 compl\u00e9ter<\/td><\/tr>                        <\/table>\n                        \n                    <table class=\"memberarea bt datatables dashboard\" data-cpt=\"companies\" data-order='[[2, \"desc\"]]'>\n                    <thead>\n\n                    <tr>\n\n                        <th data-visible=\"true\" data-orderable=\"true\" data-name=\"post_ID\" data-width=\"60px\" data-type=\"html\" class=\"dt-head-left\">Id<\/th><th data-visible=\"true\" data-orderable=\"true\" data-name=\"acf_admin_public_status\" data-width=\"220px\" data-type=\"html\" class=\"dt-head-left\">Statut<\/th><th data-visible=\"true\" data-orderable=\"true\" data-name=\"post_modified\" data-width=\"100px\" data-type=\"html\" class=\"dt-head-left\">Date<\/th><th data-visible=\"true\" data-orderable=\"true\" data-name=\"post_title\" data-width=\"auto\" data-type=\"html\" class=\"dt-head-left\">Produit<\/th><th data-visible=\"true\" data-orderable=\"false\" data-name=\"\" data-width=\"50px\" data-type=\"html\" class=\"dt-head-center\" data-class=\"dt-body-center\">Presence<\/th><th data-visible=\"true\" data-orderable=\"false\" data-name=\"\" data-width=\"50px\" data-type=\"html\" class=\"dt-head-center\" data-class=\"dt-body-center\">Voir<\/th><th data-visible=\"true\" data-orderable=\"false\" data-name=\"\" data-width=\"50px\" data-type=\"html\" class=\"dt-head-center\" data-class=\"dt-body-center\">Modifier<\/th><th data-visible=\"false\" data-orderable=\"false\" data-name=\"\" data-width=\"\" data-type=\"html\">Test Export<\/th>\n                    <\/tr>\n\n                    <\/thead>\n\n                    <tbody>\n\n                    <\/tbody>\n\n                    <\/table>\n\n                                            <div class=\"mb-5\"><\/div>\n                    \n                <\/div>\n\n            <\/div>\n\n        <\/div>\n\n        <\/span>\n        <div class=\"wrapperTableMaster\">\n\n            \n                <div class=\"row\">\n\n                    <div class=\"col-12 d-flex justify-content-end mb-3\">\n\n                        <a href=\"https:\/\/stage.rdvcanada.ca\/en\/client-space\/producer\/add-producer\/\" class=\"btn btn-primary mr-3\">Ajouter un producteur<\/a>\n                        <a href=\"https:\/\/stage.rdvcanada.ca\/en\/client-space\/producer\/\" class=\"btn btn-primary\">Voir tous les producteurs<\/a>\n                    <\/div>\n\n                <\/div>\n\n            \n            \n            <div class=\"row\">\n\n                <div class=\"col-12\">\n                                            <table class=\"table-incomplete\">\n                            <tr>\n                                <th >\u00c0 compl\u00e9ter<\/th>\n                                <th style=\"width: 50px;\"><\/th>\n                            <\/tr>\n                            <tr><td colspan='2'>Aucune entr\u00e9e \u00e0 compl\u00e9ter<\/td><\/tr>                        <\/table>\n                                            <table class=\"memberarea bt datatables dashboard\" data-cpt=\"producers\" data-order='[[2, \"desc\"]]'>\n                    <thead>\n\n                    <tr>\n\n                        <th data-visible=\"true\" data-orderable=\"true\" data-name=\"post_ID\" data-width=\"60px\" data-type=\"html\" class=\"dt-head-left\">Id<\/th><th data-visible=\"true\" data-orderable=\"true\" data-name=\"acf_admin_public_status\" data-width=\"220px\" data-type=\"html\" class=\"dt-head-left\">Statut<\/th><th data-visible=\"true\" data-orderable=\"true\" data-name=\"post_modified\" data-width=\"100px\" data-type=\"html\" class=\"dt-head-left\">Date<\/th><th data-visible=\"true\" data-orderable=\"true\" data-name=\"post_title\" data-width=\"auto\" data-type=\"html\" class=\"dt-head-left\">Produit<\/th><th data-visible=\"true\" data-orderable=\"false\" data-name=\"\" data-width=\"50px\" data-type=\"html\" class=\"dt-head-center\" data-class=\"dt-body-center\">Presence<\/th><th data-visible=\"true\" data-orderable=\"false\" data-name=\"\" data-width=\"50px\" data-type=\"html\" class=\"dt-head-center\" data-class=\"dt-body-center\">Voir<\/th><th data-visible=\"true\" data-orderable=\"false\" data-name=\"\" data-width=\"50px\" data-type=\"html\" class=\"dt-head-center\" data-class=\"dt-body-center\">Modifier<\/th><th data-visible=\"false\" data-orderable=\"false\" data-name=\"\" data-width=\"\" data-type=\"html\" class=\"dt-head-left\">Test Export<\/th>\n                    <\/tr>\n\n                    <\/thead>\n\n                    <tbody>\n\n                    <\/tbody>\n\n                    <\/table>\n\n                                            <div class=\"mb-5\"><\/div>\n                    \n                <\/div>\n\n            <\/div>\n\n        <\/div>\n\n        <span style=\"font-size: 1.125rem; letter-spacing: 0px;\">\n        <div class=\"wrapperTableMaster\">\n\n            \n                <div class=\"row\">\n\n                    <div class=\"col-12 d-flex justify-content-end mb-3\">\n\n                        <a href=\"https:\/\/stage.rdvcanada.ca\/en\/client-space\/product\/add-product\/\" class=\"btn btn-primary mr-3\">Ajouter un produit<\/a>\n                        <a href=\"https:\/\/stage.rdvcanada.ca\/en\/client-space\/product\/\" class=\"btn btn-primary\">Voir tous les produits<\/a>\n                    <\/div>\n\n                <\/div>\n\n            \n            \n            <div class=\"row\">\n                <div class=\"col-12\">\n                                    <table class=\"table-incomplete\">\n                        <tr>\n                            <th >\u00c0 compl\u00e9ter<\/th>\n                            <th style=\"width: 50px;\"><\/th>\n                        <\/tr>\n                        <tr><td colspan='2'>Aucune entr\u00e9e \u00e0 compl\u00e9ter<\/td><\/tr>                    <\/table>\n                    \n\n                    <table class=\"memberarea bt datatables dashboard\" data-cpt=\"movies\" data-order='[[2, \"desc\"]]'>\n                    <thead>\n\n                    <tr>\n\n                        <th data-visible=\"true\" data-orderable=\"true\" data-name=\"post_ID\" data-width=\"60px\" data-type=\"html\" class=\"dt-head-left\">Id<\/th><th data-visible=\"true\" data-orderable=\"true\" data-name=\"acf_admin_public_status\" data-width=\"220px\" data-type=\"html\" class=\"dt-head-left\">Statut<\/th><th data-visible=\"true\" data-orderable=\"true\" data-name=\"post_modified\" data-width=\"100px\" data-type=\"html\" class=\"dt-head-left\">Date<\/th><th data-visible=\"true\" data-orderable=\"true\" data-name=\"post_title\" data-width=\"auto\" data-type=\"html\" class=\"dt-head-left\">Produit<\/th><th data-visible=\"true\" data-orderable=\"false\" data-name=\"\" data-width=\"50px\" data-type=\"html\" class=\"dt-head-center\" data-class=\"dt-body-center\">Presence<\/th><th data-visible=\"true\" data-orderable=\"false\" data-name=\"\" data-width=\"50px\" data-type=\"html\" class=\"dt-head-center\" data-class=\"dt-body-center\">Voir<\/th><th data-visible=\"true\" data-orderable=\"false\" data-name=\"\" data-width=\"50px\" data-type=\"html\" class=\"dt-head-center\" data-class=\"dt-body-center\">Modifier<\/th><th data-visible=\"false\" data-orderable=\"false\" data-name=\"\" data-width=\"\" data-type=\"html\" class=\"dt-head-left\">Test Export<\/th>\n                    <\/tr>\n\n                    <\/thead>\n\n                    <tbody>\n\n                    <\/tbody>\n\n                    <\/table>\n\n                                            <div class=\"mb-5\"><\/div>\n                    \n                <\/div>\n\n            <\/div>\n\n        <\/div>\n\n        <\/span><\/p>\t\t\t\t\t\t\t\t<\/div>\n\t\t\t\t<\/div>\n\t\t\t\t\t<\/div>\n\t\t<\/div>\n\t\t\t\t\t<\/div>\n\t\t<\/section>\n\t\t\t\t<\/div>\n\t\t","protected":false},"excerpt":{"rendered":"","protected":false},"author":1,"featured_media":0,"parent":0,"menu_order":17,"comment_status":"closed","ping_status":"closed","template":"page-memberarea.php","meta":{"_acf_changed":false,"footnotes":""},"class_list":["post-983","page","type-page","status-publish","hentry"],"acf":[],"_links":{"self":[{"href":"https:\/\/stage.rdvcanada.ca\/fr\/wp-json\/wp\/v2\/pages\/983","targetHints":{"allow":["GET"]}}],"collection":[{"href":"https:\/\/stage.rdvcanada.ca\/fr\/wp-json\/wp\/v2\/pages"}],"about":[{"href":"https:\/\/stage.rdvcanada.ca\/fr\/wp-json\/wp\/v2\/types\/page"}],"author":[{"embeddable":true,"href":"https:\/\/stage.rdvcanada.ca\/fr\/wp-json\/wp\/v2\/users\/1"}],"replies":[{"embeddable":true,"href":"https:\/\/stage.rdvcanada.ca\/fr\/wp-json\/wp\/v2\/comments?post=983"}],"version-history":[{"count":3,"href":"https:\/\/stage.rdvcanada.ca\/fr\/wp-json\/wp\/v2\/pages\/983\/revisions"}],"predecessor-version":[{"id":93205,"href":"https:\/\/stage.rdvcanada.ca\/fr\/wp-json\/wp\/v2\/pages\/983\/revisions\/93205"}],"wp:attachment":[{"href":"https:\/\/stage.rdvcanada.ca\/fr\/wp-json\/wp\/v2\/media?parent=983"}],"curies":[{"name":"wp","href":"https:\/\/api.w.org\/{rel}","templated":true}]}}