{"id":99465,"date":"2025-05-26T11:53:19","date_gmt":"2025-05-26T15:53:19","guid":{"rendered":"https:\/\/stage.rdvcanada.ca\/?page_id=99465"},"modified":"2025-10-15T14:22:19","modified_gmt":"2025-10-15T18:22:19","slug":"partenaire-de-choix","status":"publish","type":"page","link":"https:\/\/stage.rdvcanada.ca\/fr\/creer-avec-le-canada\/partenaire-de-choix\/","title":{"rendered":"Partenaire de choix"},"content":{"rendered":"\n\n\n\n\n<div class=\"wp-block-group\"><div class=\"wp-block-group__inner-container is-layout-flow wp-block-group-is-layout-flow\">\n\n<p class=\"has-text-align-left act-lead is-style-default\">Du cin\u00e9ma \u00e0 la t\u00e9l\u00e9vision, des vid\u00e9os aux contenus num\u00e9riques interactifs, les productions canadiennes brillent.&nbsp; Elles remportent des succ\u00e8s au box-office, des prix prestigieux et une reconnaissance \u00e9clatante dans les festivals du monde entier.&nbsp;<br><\/p>\n\n<\/div><\/div>\n\n\n\n<div style=\"height:48px\" aria-hidden=\"true\" class=\"wp-block-spacer\"><\/div>\n\n\n\n<h2 class=\"wp-block-heading has-text-align-center is-style-bg-canada has-heading-2-font-size\" style=\"margin-top:0;margin-right:0;margin-bottom:0;margin-left:0\">   votre<strong> ALLI\u00c9 \u00c0 CHAQUE \u00c9TAPE.  <\/strong> &nbsp;<\/h2>\n\n\n\n\n<p class=\"act-lead\"><\/p>\n\n\n\n\n<div class=\"wp-block-group alignfull is-style-grid-3-special-flip-card is-style-grid-4\"><div class=\"wp-block-group__inner-container is-layout-flow wp-block-group-is-layout-flow\">\n\n\n\n\n\n<\/div><\/div>\n\n\n\n<h2 class=\"wp-block-heading has-text-align-center is-style-default\" style=\"padding-top:var(--wp--preset--spacing--40);padding-bottom:var(--wp--preset--spacing--40)\">TROIS FA\u00c7ONS DE CR\u00c9ER AVEC LE CANADA<\/h2>\n\n\n\n<div class=\"wp-block-group alignwide is-style-grid-3\"><div class=\"wp-block-group__inner-container is-layout-flow wp-block-group-is-layout-flow\">\n\n\n\n<\/div><\/div>\n\n\n\n<div class=\"wp-block-group alignfull is-style-bg-maple-beige\"><div class=\"wp-block-group__inner-container is-layout-constrained wp-block-group-is-layout-constrained\">\n<div class=\"wp-block-group alignwide\"><div class=\"wp-block-group__inner-container is-layout-constrained wp-block-group-is-layout-constrained\">\n<h2 class=\"wp-block-heading\">PR\u00caTS? PASSONS \u00c0 L\u2019ACTION.<\/h2>\n\n\n\n\n<p class=\"act-lead\"><\/p>\n\n\n\n\n<div class=\"wp-block-buttons is-layout-flex wp-block-buttons-is-layout-flex\">\n<div class=\"wp-block-button\"><a class=\"wp-block-button__link wp-element-button\" href=\"https:\/\/stage.rdvcanada.ca\/fr\/creez-avec-le-canada\/comment-creer-avec-le-canada\/\">Comment cr\u00e9er avec le Canada<\/a><\/div>\n<\/div>\n<\/div><\/div>\n<\/div><\/div>\n","protected":false},"excerpt":{"rendered":"<p>votre ALLI\u00c9 \u00c0 CHAQUE \u00c9TAPE. &nbsp; TROIS FA\u00c7ONS DE CR\u00c9ER AVEC LE CANADA PR\u00caTS? PASSONS \u00c0 L\u2019ACTION.<\/p>\n","protected":false},"author":1,"featured_media":0,"parent":99459,"menu_order":-1,"comment_status":"closed","ping_status":"closed","template":"","meta":{"_acf_changed":true,"footnotes":""},"class_list":["post-99465","page","type-page","status-publish","hentry"],"acf":[],"_links":{"self":[{"href":"https:\/\/stage.rdvcanada.ca\/fr\/wp-json\/wp\/v2\/pages\/99465","targetHints":{"allow":["GET"]}}],"collection":[{"href":"https:\/\/stage.rdvcanada.ca\/fr\/wp-json\/wp\/v2\/pages"}],"about":[{"href":"https:\/\/stage.rdvcanada.ca\/fr\/wp-json\/wp\/v2\/types\/page"}],"author":[{"embeddable":true,"href":"https:\/\/stage.rdvcanada.ca\/fr\/wp-json\/wp\/v2\/users\/1"}],"replies":[{"embeddable":true,"href":"https:\/\/stage.rdvcanada.ca\/fr\/wp-json\/wp\/v2\/comments?post=99465"}],"version-history":[{"count":10,"href":"https:\/\/stage.rdvcanada.ca\/fr\/wp-json\/wp\/v2\/pages\/99465\/revisions"}],"predecessor-version":[{"id":101463,"href":"https:\/\/stage.rdvcanada.ca\/fr\/wp-json\/wp\/v2\/pages\/99465\/revisions\/101463"}],"up":[{"embeddable":true,"href":"https:\/\/stage.rdvcanada.ca\/fr\/wp-json\/wp\/v2\/pages\/99459"}],"wp:attachment":[{"href":"https:\/\/stage.rdvcanada.ca\/fr\/wp-json\/wp\/v2\/media?parent=99465"}],"curies":[{"name":"wp","href":"https:\/\/api.w.org\/{rel}","templated":true}]}}