{"id":99485,"date":"2025-05-26T13:11:57","date_gmt":"2025-05-26T17:11:57","guid":{"rendered":"https:\/\/stage.rdvcanada.ca\/?page_id=99485"},"modified":"2025-10-14T16:45:23","modified_gmt":"2025-10-14T20:45:23","slug":"services-de-production","status":"publish","type":"page","link":"https:\/\/stage.rdvcanada.ca\/fr\/creer-avec-le-canada\/comment-creer-avec-le-canada\/services-de-production\/","title":{"rendered":"Services de production"},"content":{"rendered":"\n\n\n\n\n\n<p class=\"act-lead\">Qu\u2019il s\u2019agisse de r\u00e9alit\u00e9 virtuelle, d\u2019animation, d\u2019effets visuels, de conception sonore ou de d\u00e9cors, le Canada regorge de talents et d\u2019expertise de calibre mondial. Faites appel \u00e0 nos \u00e9quipes et profitez de notre savoir-faire pour donner vie \u00e0 votre prochain projet.<\/p>\n\n\n\n\n<div class=\"wp-block-cover alignfull is-style-default\" style=\"margin-top:0;margin-bottom:0\"><img decoding=\"async\" class=\"wp-block-cover__image-background wp-image-76527\" alt=\"\" src=\"https:\/\/stage.rdvcanada.ca\/wp-content\/uploads\/2025\/01\/shutterstock_2009884772-scaled-e1737386777211.jpg\" data-object-fit=\"cover\"\/><span aria-hidden=\"true\" class=\"wp-block-cover__background has-background-dim\"><\/span><div class=\"wp-block-cover__inner-container is-layout-constrained wp-block-cover-is-layout-constrained\">\n<div class=\"wp-block-columns alignwide is-layout-flex wp-container-core-columns-is-layout-5ceceb01 wp-block-columns-is-layout-flex\" style=\"margin-top:var(--wp--preset--spacing--90);margin-bottom:var(--wp--preset--spacing--90)\">\n<div class=\"wp-block-column is-layout-flow wp-block-column-is-layout-flow\"><\/div>\n\n\n\n<div class=\"wp-block-column is-layout-flow wp-block-column-is-layout-flow\">\n<div class=\"wp-block-group has-odd-background-color has-background\" style=\"padding-top:var(--spacing--large);padding-right:var(--wp--preset--spacing--60);padding-bottom:var(--spacing--large);padding-left:var(--wp--preset--spacing--60)\"><div class=\"wp-block-group__inner-container is-layout-constrained wp-container-core-group-is-layout-e4401ea8 wp-block-group-is-layout-constrained\">\n<h2 class=\"wp-block-heading has-medium-color has-text-color\"><strong>Nos experts de l\u2019industrie sont l\u00e0 pour donner vie \u00e0 votre vision.&nbsp;<\/strong><\/h2>\n\n\n\n<p>Que vous soyez \u00e0 la recherche de producteurs, de talents ou de projets d\u2019envergure, c\u2019est au Canada que vous trouverez votre prochain partenariat.<\/p>\n\n\n\n<div class=\"wp-block-buttons is-layout-flex wp-block-buttons-is-layout-flex\">\n<div class=\"wp-block-button is-style-fill\"><a class=\"wp-block-button__link wp-element-button\" href=\"https:\/\/stage.rdvcanada.ca\/fr\/creer-avec-le-canada\/avantages-et-outils\/nos-repertoires\/\">CONSULTEZ NOS R\u00c9PERTOIRES<\/a><\/div>\n<\/div>\n<\/div><\/div>\n<\/div>\n<\/div>\n<\/div><\/div>\n\n\n\n<div class=\"wp-block-media-text alignwide has-media-on-the-right is-stacked-on-mobile is-style-classic add__figcaption figcaption__vancouver--fr\" style=\"margin-top:var(--wp--preset--spacing--60);margin-bottom:var(--wp--preset--spacing--60);padding-top:0;padding-right:0;padding-bottom:0;padding-left:0\"><div class=\"wp-block-media-text__content\">\n<h3 class=\"wp-block-heading is-style-bottom-line has-heading-2-font-size\"><strong>des LIEUX de tournage RICHES et inspirants<\/strong><\/h3>\n\n\n\n<p>Quand il s\u2019agit de d\u00e9nicher des lieux de tournage \u00e0 la fois accessibles et vari\u00e9s, le Canada s\u2019impose comme une destination de choix.&nbsp;<\/p>\n\n\n\n<p>Entre ses paysages naturels \u00e0 couper le souffle et ses centres urbains dynamiques, vous trouverez sans aucun doute le cadre id\u00e9al pour donner vie \u00e0 votre projet.&nbsp;<\/p>\n\n\n\n<div class=\"wp-block-buttons is-layout-flex wp-block-buttons-is-layout-flex\">\n<div class=\"wp-block-button\"><a class=\"wp-block-button__link wp-element-button\" href=\"https:\/\/stage.rdvcanada.ca\/fr\/creer-avec-le-canada\/avantages-et-outils\/tourner-au-canada\/#shooting\">TROUVEr DES LIEUX DE TOURNAGE<\/a><\/div>\n<\/div>\n<\/div><figure class=\"wp-block-media-text__media\"><img decoding=\"async\" src=\"https:\/\/stage.rdvcanada.ca\/wp-content\/uploads\/2024\/11\/shutterstock_2244151975-1024x512.jpg\" alt=\"\" class=\"wp-image-76370 size-full\"\/><\/figure><\/div>\n\n\n\n<div class=\"wp-block-media-text alignwide is-stacked-on-mobile is-style-classic\" style=\"margin-top:var(--wp--preset--spacing--60);margin-bottom:var(--wp--preset--spacing--60);padding-top:0;padding-right:0;padding-bottom:0;padding-left:0\"><figure class=\"wp-block-media-text__media\"><img decoding=\"async\" src=\"https:\/\/stage.rdvcanada.ca\/wp-content\/uploads\/2024\/11\/shutterstock_1017804253-1024x576.jpg\" alt=\"\" class=\"wp-image-76373 size-full\"\/><\/figure><div class=\"wp-block-media-text__content\">\n<h3 class=\"wp-block-heading is-style-bottom-line has-heading-2-font-size\">D\u00c9COUVREZ L\u2019INFRASTRUCTURE DYNAMIQUE DU CANADA<\/h3>\n\n\n\n<p>Au-del\u00e0 de ses paysages embl\u00e9matiques, le Canada offre une industrie audiovisuelle florissante, soutenue par des infrastructures modernes et des talents reconnus.&nbsp;Les partenaires internationaux y trouvent un \u00e9cosyst\u00e8me dynamique, propice \u00e0 la cr\u00e9ation, avec un \u00e9ventail de soutiens adapt\u00e9s pour concr\u00e9tiser leurs projets cin\u00e9matographiques, du d\u00e9veloppement \u00e0 la postproduction.&nbsp;<\/p>\n\n\n\n<div class=\"wp-block-buttons is-layout-flex wp-block-buttons-is-layout-flex\">\n<div class=\"wp-block-button is-style-fill\"><a class=\"wp-block-button__link wp-element-button\" href=\"https:\/\/stage.rdvcanada.ca\/fr\/creer-avec-le-canada\/avantages-et-outils\/tourner-au-canada\/#resources\">ORGANISMES CULTURELS<\/a><\/div>\n\n\n\n<div class=\"wp-block-button is-style-fill\"><a class=\"wp-block-button__link wp-element-button\" href=\"https:\/\/stage.rdvcanada.ca\/fr\/creer-avec-le-canada\/avantages-et-outils\/tourner-au-canada\/#resources\">ASSOCIATIONS PROFESSIONNELLES<\/a><\/div>\n<\/div>\n<\/div><\/div>\n\n\n\n<div class=\"wp-block-group alignfull is-style-bg-maple-beige\"><div class=\"wp-block-group__inner-container is-layout-constrained wp-block-group-is-layout-constrained\">\n<div class=\"wp-block-group alignwide\"><div class=\"wp-block-group__inner-container is-layout-constrained wp-block-group-is-layout-constrained\">\n<h2 class=\"wp-block-heading\">IL Y A D\u2019AUTRES MOYENS DE COLLABORER AVEC NOUS.<\/h2>\n\n\n\n<div class=\"wp-block-buttons is-layout-flex wp-block-buttons-is-layout-flex\">\n<div class=\"wp-block-button\"><a class=\"wp-block-button__link wp-element-button\" href=\"https:\/\/stage.rdvcanada.ca\/fr\/creer-avec-le-canada\/comment-creer-avec-le-canada\/coproduction\/\">coproductions<strong style=\"color: var(--color--button--text--filled); display: inline !important;\"><\/strong><\/a><\/div>\n\n\n\n<div class=\"wp-block-button is-style-outline is-style-outline--1\"><a class=\"wp-block-button__link wp-element-button\" href=\"https:\/\/stage.rdvcanada.ca\/fr\/creer-avec-le-canada\/comment-creer-avec-le-canada\/coentreprises\/\">COENTREPRISES<\/a><\/div>\n<\/div>\n<\/div><\/div>\n<\/div><\/div>\n","protected":false},"excerpt":{"rendered":"<p>IL Y A D\u2019AUTRES MOYENS DE COLLABORER AVEC NOUS.<\/p>\n","protected":false},"author":1,"featured_media":0,"parent":99477,"menu_order":3,"comment_status":"closed","ping_status":"closed","template":"","meta":{"_acf_changed":true,"footnotes":""},"class_list":["post-99485","page","type-page","status-publish","hentry"],"acf":[],"_links":{"self":[{"href":"https:\/\/stage.rdvcanada.ca\/fr\/wp-json\/wp\/v2\/pages\/99485","targetHints":{"allow":["GET"]}}],"collection":[{"href":"https:\/\/stage.rdvcanada.ca\/fr\/wp-json\/wp\/v2\/pages"}],"about":[{"href":"https:\/\/stage.rdvcanada.ca\/fr\/wp-json\/wp\/v2\/types\/page"}],"author":[{"embeddable":true,"href":"https:\/\/stage.rdvcanada.ca\/fr\/wp-json\/wp\/v2\/users\/1"}],"replies":[{"embeddable":true,"href":"https:\/\/stage.rdvcanada.ca\/fr\/wp-json\/wp\/v2\/comments?post=99485"}],"version-history":[{"count":10,"href":"https:\/\/stage.rdvcanada.ca\/fr\/wp-json\/wp\/v2\/pages\/99485\/revisions"}],"predecessor-version":[{"id":101400,"href":"https:\/\/stage.rdvcanada.ca\/fr\/wp-json\/wp\/v2\/pages\/99485\/revisions\/101400"}],"up":[{"embeddable":true,"href":"https:\/\/stage.rdvcanada.ca\/fr\/wp-json\/wp\/v2\/pages\/99477"}],"wp:attachment":[{"href":"https:\/\/stage.rdvcanada.ca\/fr\/wp-json\/wp\/v2\/media?parent=99485"}],"curies":[{"name":"wp","href":"https:\/\/api.w.org\/{rel}","templated":true}]}}