{"id":99492,"date":"2025-05-26T13:18:47","date_gmt":"2025-05-26T17:18:47","guid":{"rendered":"https:\/\/stage.rdvcanada.ca\/?page_id=99492"},"modified":"2025-10-27T15:02:54","modified_gmt":"2025-10-27T19:02:54","slug":"tourner-au-canada","status":"publish","type":"page","link":"https:\/\/stage.rdvcanada.ca\/fr\/creer-avec-le-canada\/avantages-et-outils\/tourner-au-canada\/","title":{"rendered":"Tourner au Canada"},"content":{"rendered":"\n\n\n\n\n<div class=\"wp-block-group alignwide\"><div class=\"wp-block-group__inner-container is-layout-flow wp-block-group-is-layout-flow\">\n\n<p class=\"has-text-align-center act-lead\">Tourner au Canada signifie pouvoir compter sur de nombreuses ressources pour vous aider \u00e0 atteindre vos objectifs et concr\u00e9tiser votre vision.<\/p>\n\n\n\n\n<div class=\"wp-block-buttons is-content-justification-center is-layout-flex wp-container-core-buttons-is-layout-16018d1d wp-block-buttons-is-layout-flex\">\n<div class=\"wp-block-button\"><a class=\"wp-block-button__link wp-element-button\" href=\"#public\">financement public, cr\u00e9dits et certification<\/a><\/div>\n\n\n\n<div class=\"wp-block-button is-style-fill\"><a class=\"wp-block-button__link wp-element-button\" href=\"#shooting\">lieux de tournage<\/a><\/div>\n\n\n\n<div class=\"wp-block-button\"><a class=\"wp-block-button__link wp-element-button\" href=\"#resources\">ressources de l&#8217;industrie<\/a><\/div>\n<\/div>\n<\/div><\/div>\n\n\n\n<div class=\"wp-block-media-text alignwide is-stacked-on-mobile is-style-classic\" style=\"margin-top:var(--wp--preset--spacing--60);margin-bottom:var(--wp--preset--spacing--60);padding-top:0;padding-right:0;padding-bottom:0;padding-left:0\"><figure class=\"wp-block-media-text__media\"><img fetchpriority=\"high\" decoding=\"async\" width=\"1024\" height=\"576\" src=\"https:\/\/stage.rdvcanada.ca\/wp-content\/uploads\/2025\/10\/pexels-minhle17vn-3062541-1-1024x576.jpg\" alt=\"\" class=\"wp-image-101524 size-full\" srcset=\"https:\/\/stage.rdvcanada.ca\/wp-content\/uploads\/2025\/10\/pexels-minhle17vn-3062541-1-1024x576.jpg 1024w, https:\/\/stage.rdvcanada.ca\/wp-content\/uploads\/2025\/10\/pexels-minhle17vn-3062541-1-768x432.jpg 768w, https:\/\/stage.rdvcanada.ca\/wp-content\/uploads\/2025\/10\/pexels-minhle17vn-3062541-1-220x124.jpg 220w, https:\/\/stage.rdvcanada.ca\/wp-content\/uploads\/2025\/10\/pexels-minhle17vn-3062541-1-1536x864.jpg 1536w, https:\/\/stage.rdvcanada.ca\/wp-content\/uploads\/2025\/10\/pexels-minhle17vn-3062541-1-2048x1152.jpg 2048w, https:\/\/stage.rdvcanada.ca\/wp-content\/uploads\/2025\/10\/pexels-minhle17vn-3062541-1-1920x1080.jpg 1920w\" sizes=\"(max-width: 1024px) 100vw, 1024px\" \/><\/figure><div class=\"wp-block-media-text__content\">\n<p>tourner au CANADA<\/p>\n\n\n\n<h2 class=\"wp-block-heading is-style-bottom-line\"><strong><strong>DES AVANTAGES STRAT\u00c9GIQUES POUR VOS PRODUCTIONS&nbsp;<\/strong><\/strong><\/h2>\n\n\n\n<p>Voici un aper\u00e7u de ce que le Canada met \u00e0 votre disposition :&nbsp;<\/p>\n\n\n\n<ul class=\"wp-block-list\">\n<li>Des trait\u00e9s ou accords de coproduction avec pr\u00e8s de 60 pays&nbsp;<\/li>\n\n\n\n<li>Un acc\u00e8s \u00e0 du financement public et des cr\u00e9dits d\u2019imp\u00f4t avantageux<\/li>\n\n\n\n<li>Un grand bassin de talents reconnus mondialement, devant et derri\u00e8re la cam\u00e9ra&nbsp;<\/li>\n\n\n\n<li>Des d\u00e9cors naturels uniques, qui \u00e9voluent au fil des saisons&nbsp;<\/li>\n\n\n\n<li>Des lieux et des paysages uniques qui changent au fil des saisons<\/li>\n\n\n\n<li>La possibilit\u00e9 de travailler en fran\u00e7ais ou en anglais, les deux langues officielles du pays&nbsp;<\/li>\n<\/ul>\n<\/div><\/div>\n\n\n\n<div class=\"wp-block-group alignwide\" style=\"margin-top:var(--wp--preset--spacing--60);margin-bottom:var(--wp--preset--spacing--60);padding-top:0;padding-right:0;padding-bottom:0;padding-left:0\"><div class=\"wp-block-group__inner-container is-layout-flow wp-block-group-is-layout-flow\">\n<h2 class=\"wp-block-heading\" id=\"public\"><strong><strong>financement&nbsp;<strong>Public, cr\u00e9dits et certification<\/strong><\/strong><\/strong><\/h2>\n\n\n\n\n<p class=\"has-text-align-left act-lead\">Le Canada propose plusieurs mesures incitatives pour les productions r\u00e9alis\u00e9es sur son territoire. Certaines sont r\u00e9glement\u00e9es par le gouvernement f\u00e9d\u00e9ral, d\u2019autres par des organismes propres \u00e0 chaque province.<\/p>\n\n\n\n\n<div class=\"act-collapsible\">\n<h3 class=\"wp-block-heading act-collapsible__heading\">Organisations cl\u00e9s du gouvernement f\u00e9d\u00e9ral<button class=\"act-collapsible__button\" type=\"button\" aria-controls=\"block-ef46d4f7-0cac-4116-a560-4bbb2ec8830d\" aria-expanded=\"false\"><span class=\"act-collapsible__button-open\">OpenCloseOpenCloseOpenClose<\/span><\/button><\/h3>\n\n\n\n<div class=\"act-collapsible__content\"><div class=\"act-collapsible__content-inner\">\n<div class=\"wp-block-columns is-layout-flex wp-container-core-columns-is-layout-9d6595d7 wp-block-columns-is-layout-flex\">\n<div class=\"wp-block-column is-layout-flow wp-block-column-is-layout-flow\"><\/div>\n\n\n\n<div class=\"wp-block-column is-layout-flow wp-block-column-is-layout-flow\"><\/div>\n<\/div>\n<\/div><\/div>\n<\/div>\n\n\n\n<div class=\"act-collapsible\">\n<h3 class=\"wp-block-heading act-collapsible__heading\">institutions culturelles<button class=\"act-collapsible__button\" type=\"button\" aria-controls=\"block-305851c4-6e2b-4092-85e2-36d9fcead71f\" aria-expanded=\"false\"><span class=\"act-collapsible__button-open\">OpenCloseOpenCloseOpenCloseOpenClose<\/span><\/button><\/h3>\n\n\n\n<div class=\"act-collapsible__content\"><div class=\"act-collapsible__content-inner\">\n<div class=\"wp-block-columns is-layout-flex wp-container-core-columns-is-layout-9d6595d7 wp-block-columns-is-layout-flex\">\n<div class=\"wp-block-column is-layout-flow wp-block-column-is-layout-flow\">\n\n<\/div>\n\n\n\n<div class=\"wp-block-column is-layout-flow wp-block-column-is-layout-flow\">\n\n<\/div>\n<\/div>\n<\/div><\/div>\n<\/div>\n\n\n\n<div class=\"act-collapsible\">\n<h3 class=\"wp-block-heading act-collapsible__heading\">AGENCES DE FINANCEMENT<button class=\"act-collapsible__button\" type=\"button\" aria-controls=\"block-577bb08c-c926-4064-b198-2bdb38ddc9fe\" aria-expanded=\"false\"><span class=\"act-collapsible__button-open\">OpenCloseOpenCloseOpenCloseOpenClose<\/span><\/button><\/h3>\n\n\n\n<div class=\"act-collapsible__content\"><div class=\"act-collapsible__content-inner\">\n<p>Les sp\u00e9cificit\u00e9s des cr\u00e9dits d\u2019imp\u00f4t offerts au Canada sont g\u00e9r\u00e9es par les agences provinciales.&nbsp;<\/p>\n\n\n\n<div class=\"wp-block-columns is-layout-flex wp-container-core-columns-is-layout-9d6595d7 wp-block-columns-is-layout-flex\">\n<div class=\"wp-block-column is-layout-flow wp-block-column-is-layout-flow\">\n\n\n\n\n\n\n\n\n\n\n\n<\/div>\n\n\n\n<div class=\"wp-block-column is-layout-flow wp-block-column-is-layout-flow\">\n\n\n\n\n\n\n\n\n\n\n\n<\/div>\n<\/div>\n<\/div><\/div>\n<\/div>\n<\/div><\/div>\n\n\n\n<div class=\"wp-block-group alignfull is-style-bg-mapple-grey\"><div class=\"wp-block-group__inner-container is-layout-constrained wp-block-group-is-layout-constrained\">\n<div class=\"wp-block-group alignwide\" style=\"margin-top:var(--wp--preset--spacing--40);margin-bottom:var(--wp--preset--spacing--40);padding-top:0;padding-right:0;padding-bottom:0;padding-left:0\"><div class=\"wp-block-group__inner-container is-layout-flow wp-block-group-is-layout-flow\">\n<h2 class=\"wp-block-heading is-style-default\" id=\"shooting\">lieux de tournage<\/h2>\n\n\n\n\n<p class=\"act-lead\">Quand il s\u2019agit de trouver des lieux de tournage aussi accessibles que diversifi\u00e9s, le Canada vient en t\u00eate de liste.<\/p>\n\n\n\n\n<p><strong><strong>4 saisons + 10 provinces + 3 territoires = des lieux vari\u00e9s et inspirants<\/strong><\/strong><\/p>\n\n\n\n<p>Voici quelques ressources cl\u00e9s \u00e0 d\u00e9couvrir.<\/p>\n\n\n\n<div class=\"wp-block-columns is-layout-flex wp-container-core-columns-is-layout-9d6595d7 wp-block-columns-is-layout-flex\">\n<div class=\"wp-block-column is-layout-flow wp-block-column-is-layout-flow\">\n\n\n\n\n\n\n\n\n\n\n\n<\/div>\n\n\n\n<div class=\"wp-block-column is-layout-flow wp-block-column-is-layout-flow\">\n\n\n\n\n\n\n\n\n\n<\/div>\n<\/div>\n\n\n<\/div><\/div>\n<\/div><\/div>\n\n\n\n<div class=\"wp-block-group alignwide\"><div class=\"wp-block-group__inner-container is-layout-flow wp-block-group-is-layout-flow\">\n<h2 class=\"wp-block-heading\" id=\"resources\">Des experts sur place pr\u00eats \u00e0 vous apporter leur soutien.<\/h2>\n\n\n\n\n\n<p>Le secteur audiovisuel canadien offre une multitude de ressources, bien au-del\u00e0 de ses paysages embl\u00e9matiques. Divers types de soutien sont accessibles aux partenaires internationaux souhaitant collaborer \u00e0 la r\u00e9alisation de projets cin\u00e9matographiques. \u00c0 titre indicatif, voici quelques ressources utiles.<\/p>\n\n\n\n<div class=\"act-collapsible\">\n<h3 class=\"wp-block-heading act-collapsible__heading\">agences Culturelles\u00a0<button class=\"act-collapsible__button\" type=\"button\" aria-controls=\"block-0d4ffca7-2547-47b1-9bee-71f0f8179213\" aria-expanded=\"false\"><span class=\"act-collapsible__button-open\">OpenCloseOpenCloseOpenClose<\/span><\/button><\/h3>\n\n\n\n<div class=\"act-collapsible__content\"><div class=\"act-collapsible__content-inner\">\n<div class=\"wp-block-columns is-layout-flex wp-container-core-columns-is-layout-9d6595d7 wp-block-columns-is-layout-flex\">\n<div class=\"wp-block-column is-layout-flow wp-block-column-is-layout-flow\"><\/div>\n\n\n\n<div class=\"wp-block-column is-layout-flow wp-block-column-is-layout-flow\"><\/div>\n<\/div>\n<\/div><\/div>\n<\/div>\n\n\n\n<div class=\"act-collapsible\">\n<h3 class=\"wp-block-heading act-collapsible__heading\">Associations\u00a0Professionelles<button class=\"act-collapsible__button\" type=\"button\" aria-controls=\"block-7a2fdf80-87e6-4d6f-9b68-58d19c6bd90f\" aria-expanded=\"false\"><span class=\"act-collapsible__button-open\">OpenCloseOpenCloseOpenClose<\/span><\/button><\/h3>\n\n\n\n<div class=\"act-collapsible__content\"><div class=\"act-collapsible__content-inner\">\n<div class=\"wp-block-columns is-layout-flex wp-container-core-columns-is-layout-9d6595d7 wp-block-columns-is-layout-flex\">\n<div class=\"wp-block-column is-layout-flow wp-block-column-is-layout-flow\">\n\n\n\n\n\n\n\n\n\n\n\n<\/div>\n\n\n\n<div class=\"wp-block-column is-layout-flow wp-block-column-is-layout-flow\">\n\n\n\n\n\n\n\n\n\n<\/div>\n<\/div>\n<\/div><\/div>\n<\/div>\n<\/div><\/div>\n","protected":false},"excerpt":{"rendered":"<p>financement&nbsp;Public, cr\u00e9dits et certification lieux de tournage 4 saisons + 10 provinces + 3 territoires = des lieux vari\u00e9s et inspirants Voici quelques ressources cl\u00e9s \u00e0 d\u00e9couvrir. Des experts sur place pr\u00eats \u00e0 vous apporter leur soutien. Le secteur audiovisuel canadien offre une multitude de ressources, bien au-del\u00e0 de ses paysages embl\u00e9matiques. Divers types de&#8230;<\/p>\n","protected":false},"author":1,"featured_media":0,"parent":99489,"menu_order":1,"comment_status":"closed","ping_status":"closed","template":"","meta":{"_acf_changed":false,"footnotes":""},"class_list":["post-99492","page","type-page","status-publish","hentry"],"acf":[],"_links":{"self":[{"href":"https:\/\/stage.rdvcanada.ca\/fr\/wp-json\/wp\/v2\/pages\/99492","targetHints":{"allow":["GET"]}}],"collection":[{"href":"https:\/\/stage.rdvcanada.ca\/fr\/wp-json\/wp\/v2\/pages"}],"about":[{"href":"https:\/\/stage.rdvcanada.ca\/fr\/wp-json\/wp\/v2\/types\/page"}],"author":[{"embeddable":true,"href":"https:\/\/stage.rdvcanada.ca\/fr\/wp-json\/wp\/v2\/users\/1"}],"replies":[{"embeddable":true,"href":"https:\/\/stage.rdvcanada.ca\/fr\/wp-json\/wp\/v2\/comments?post=99492"}],"version-history":[{"count":10,"href":"https:\/\/stage.rdvcanada.ca\/fr\/wp-json\/wp\/v2\/pages\/99492\/revisions"}],"predecessor-version":[{"id":101867,"href":"https:\/\/stage.rdvcanada.ca\/fr\/wp-json\/wp\/v2\/pages\/99492\/revisions\/101867"}],"up":[{"embeddable":true,"href":"https:\/\/stage.rdvcanada.ca\/fr\/wp-json\/wp\/v2\/pages\/99489"}],"wp:attachment":[{"href":"https:\/\/stage.rdvcanada.ca\/fr\/wp-json\/wp\/v2\/media?parent=99492"}],"curies":[{"name":"wp","href":"https:\/\/api.w.org\/{rel}","templated":true}]}}