{"id":99494,"date":"2025-05-26T13:24:29","date_gmt":"2025-05-26T17:24:29","guid":{"rendered":"https:\/\/stage.rdvcanada.ca\/?page_id=99494"},"modified":"2025-10-27T15:03:59","modified_gmt":"2025-10-27T19:03:59","slug":"nos-repertoires","status":"publish","type":"page","link":"https:\/\/stage.rdvcanada.ca\/fr\/creer-avec-le-canada\/avantages-et-outils\/nos-repertoires\/","title":{"rendered":"Nos r\u00e9pertoires"},"content":{"rendered":"\n\n\n\n\n\n<p class=\"act-lead\" style=\"margin-bottom:var(--wp--preset--spacing--80)\">Les talents canadiens voyagent \u00e0 travers le monde pour pr\u00e9senter leurs projets lors d\u2019\u00e9v\u00e9nements internationaux. Profitez de ces occasions pour \u00e9tablir des liens, \u00e9changer des id\u00e9es et envisager des collaborations prometteuses.\u00a0<\/p>\n\n\n\n\n<div class=\"wp-block-group alignfull is-style-bg--mapple-grey is-style-bg-mapple-grey is-content-justification-center\" style=\"margin-top:0;margin-bottom:0;padding-top:0;padding-right:0;padding-bottom:0;padding-left:0\"><div class=\"wp-block-group__inner-container is-layout-constrained wp-container-core-group-is-layout-72674416 wp-block-group-is-layout-constrained\">\n<div class=\"wp-block-group is-style-grid-3 is-style-grid-3-special-steps-card\" style=\"padding-right:0;padding-left:0\"><div class=\"wp-block-group__inner-container is-layout-flow wp-block-group-is-layout-flow\">\n<div class=\"wp-block-group alignwide is-style-grid-3\"><div class=\"wp-block-group__inner-container is-layout-flow wp-block-group-is-layout-flow\">\n\n\n\n<\/div><\/div>\n<\/div><\/div>\n<\/div><\/div>\n\n\n\n<h2 class=\"wp-block-heading has-text-align-center\">Trouvez les projets financ\u00e9s par T\u00e9l\u00e9film, les coproductions certifi\u00e9es et les soci\u00e9t\u00e9s de coproduction.<\/h2>\n\n\n\n<div style=\"height:40px\" aria-hidden=\"true\" class=\"wp-block-spacer\"><\/div>\n\n\n\n<div class=\"wp-block-group alignwide is-style-grid-2\"><div class=\"wp-block-group__inner-container is-layout-constrained wp-block-group-is-layout-constrained\">\n<div class=\"wp-block-media-text alignwide is-stacked-on-mobile is-image-fill-element is-style-no-image\"><figure class=\"wp-block-media-text__media\"><\/figure><div class=\"wp-block-media-text__content\">\n<p><strong>T\u00c9L\u00c9FILM CANADA<\/strong><\/p>\n\n\n\n<h2 class=\"wp-block-heading is-style-bottom-line\"><strong>R\u00c9PERTOIRE COMPLET DES COPRODUCTIONS<\/strong><\/h2>\n\n\n\n<p>Ayez acc\u00e8s au r\u00e9pertoire complet des coproductions canadiennes officielles sign\u00e9es et de leurs \u00e9quipes de production. Le r\u00e9pertoire de T\u00e9l\u00e9film Canada dresse la liste de toutes les coproductions canadiennes des sept derni\u00e8res ann\u00e9es et est mis \u00e0 jour chaque ann\u00e9e.<\/p>\n\n\n\n<div class=\"wp-block-buttons is-layout-flex wp-block-buttons-is-layout-flex\">\n<div class=\"wp-block-button\"><a class=\"wp-block-button__link wp-element-button\" href=\"https:\/\/telefilm.ca\/fr\/qui-nous-sommes\/bottins\/bottin-des-coproductions\">EXPLORER LE R\u00c9PERTOIRE DES COPRODUCTIONS SUR TELEFILM.CA<\/a><\/div>\n<\/div>\n<\/div><\/div>\n\n\n\n<div class=\"wp-block-media-text alignwide has-media-on-the-right is-stacked-on-mobile is-image-fill-element is-style-no-image-justify-left\"><div class=\"wp-block-media-text__content\">\n<p><strong>T\u00c9L\u00c9FILM CANADA<\/strong><\/p>\n\n\n\n<h2 class=\"wp-block-heading is-style-bottom-line\">R\u00c9PERTOIRE DES SOCI\u00c9T\u00c9S DE PRODUCTION<\/h2>\n\n\n\n<p>D\u00e9couvrez les soci\u00e9t\u00e9s de production qui ont d\u00e9j\u00e0 particip\u00e9 \u00e0 une coproduction cin\u00e9matographique ou t\u00e9l\u00e9visuelle certifi\u00e9e au cours des sept derni\u00e8res ann\u00e9es.<\/p>\n\n\n\n<div class=\"wp-block-buttons is-layout-flex wp-block-buttons-is-layout-flex\">\n<div class=\"wp-block-button\"><a class=\"wp-block-button__link wp-element-button\" href=\"https:\/\/telefilm.ca\/fr\/qui-nous-sommes\/bottins\/bottin-des-maisons-de-production\">EXPLORER LE R\u00c9PERTOIRE DES SOCI\u00c9T\u00c9S SUR TELEFILM.CA<\/a><\/div>\n<\/div>\n<\/div><figure class=\"wp-block-media-text__media\"><img decoding=\"async\" src=\"https:\/\/stage.rdvcanada.ca\/wp-content\/uploads\/2023\/11\/imageskhjk.png\" alt=\"\" class=\"wp-image-75056 size-full\" style=\"object-position:50% 50%\"\/><\/figure><\/div>\n<\/div><\/div>\n\n\n\n<div style=\"height:40px\" aria-hidden=\"true\" class=\"wp-block-spacer\"><\/div>\n\n\n\n<div class=\"wp-block-group alignfull is-style-bg-red-erable\"><div class=\"wp-block-group__inner-container is-layout-constrained wp-block-group-is-layout-constrained\">\n<div class=\"wp-block-group alignwide subscribe__wrapper is-content-justification-space-between is-nowrap is-layout-flex wp-container-core-group-is-layout-0dfbf163 wp-block-group-is-layout-flex\">\n<div class=\"wp-block-group subscribe__container\"><div class=\"wp-block-group__inner-container is-layout-flow wp-block-group-is-layout-flow\">\n<h2 class=\"wp-block-heading\"><strong>Ne manquez rien.<\/strong><\/h2>\n\n\n\n<div class=\"wp-block-group is-nowrap is-layout-flex wp-container-core-group-is-layout-ad2f72ca wp-block-group-is-layout-flex\">\n<h1 class=\"wp-block-heading\">ABONNEZ-VOUS<\/h1>\n\n\n\n<h1 class=\"wp-block-heading is-style-outline\">MAINTENANT !<\/h1>\n<\/div>\n\n\n\n<p><strong>Recevez les derni\u00e8res nouvelles du secteur audiovisuel canadien.<\/strong><\/p>\n<\/div><\/div>\n\n\n\n<div class=\"wp-block-buttons is-horizontal is-content-justification-center is-nowrap is-layout-flex wp-container-core-buttons-is-layout-7c17ba18 wp-block-buttons-is-layout-flex\">\n<div class=\"wp-block-button is-style-light\"><a class=\"wp-block-button__link wp-element-button\" href=\"https:\/\/stage.rdvcanada.ca\/fr\/inscription-a-linfolettre\/\" target=\"_blank\" rel=\"noreferrer noopener\">s&#8217;inscrire<\/a><\/div>\n<\/div>\n<\/div>\n<\/div><\/div>\n","protected":false},"excerpt":{"rendered":"<p>Trouvez les projets financ\u00e9s par T\u00e9l\u00e9film, les coproductions certifi\u00e9es et les soci\u00e9t\u00e9s de coproduction. T\u00c9L\u00c9FILM CANADA R\u00c9PERTOIRE COMPLET DES COPRODUCTIONS Ayez acc\u00e8s au r\u00e9pertoire complet des coproductions canadiennes officielles sign\u00e9es et de leurs \u00e9quipes de production. Le r\u00e9pertoire de T\u00e9l\u00e9film Canada dresse la liste de toutes les coproductions canadiennes des sept derni\u00e8res ann\u00e9es et est&#8230;<\/p>\n","protected":false},"author":1,"featured_media":0,"parent":99489,"menu_order":2,"comment_status":"closed","ping_status":"closed","template":"","meta":{"_acf_changed":false,"footnotes":""},"class_list":["post-99494","page","type-page","status-publish","hentry"],"acf":[],"_links":{"self":[{"href":"https:\/\/stage.rdvcanada.ca\/fr\/wp-json\/wp\/v2\/pages\/99494","targetHints":{"allow":["GET"]}}],"collection":[{"href":"https:\/\/stage.rdvcanada.ca\/fr\/wp-json\/wp\/v2\/pages"}],"about":[{"href":"https:\/\/stage.rdvcanada.ca\/fr\/wp-json\/wp\/v2\/types\/page"}],"author":[{"embeddable":true,"href":"https:\/\/stage.rdvcanada.ca\/fr\/wp-json\/wp\/v2\/users\/1"}],"replies":[{"embeddable":true,"href":"https:\/\/stage.rdvcanada.ca\/fr\/wp-json\/wp\/v2\/comments?post=99494"}],"version-history":[{"count":8,"href":"https:\/\/stage.rdvcanada.ca\/fr\/wp-json\/wp\/v2\/pages\/99494\/revisions"}],"predecessor-version":[{"id":101868,"href":"https:\/\/stage.rdvcanada.ca\/fr\/wp-json\/wp\/v2\/pages\/99494\/revisions\/101868"}],"up":[{"embeddable":true,"href":"https:\/\/stage.rdvcanada.ca\/fr\/wp-json\/wp\/v2\/pages\/99489"}],"wp:attachment":[{"href":"https:\/\/stage.rdvcanada.ca\/fr\/wp-json\/wp\/v2\/media?parent=99494"}],"curies":[{"name":"wp","href":"https:\/\/api.w.org\/{rel}","templated":true}]}}