{"id":99502,"date":"2025-05-26T13:27:16","date_gmt":"2025-05-26T17:27:16","guid":{"rendered":"https:\/\/stage.rdvcanada.ca\/?page_id=99502"},"modified":"2026-03-27T16:48:53","modified_gmt":"2026-03-27T20:48:53","slug":"qui-est-telefilm","status":"publish","type":"page","link":"https:\/\/stage.rdvcanada.ca\/fr\/creer-avec-le-canada\/avantages-et-outils\/qui-est-telefilm\/","title":{"rendered":"Qui est T\u00e9l\u00e9film?"},"content":{"rendered":"\n\n\n\n\n<div class=\"wp-block-media-text alignfull is-stacked-on-mobile is-style-full-size\" style=\"margin-top:var(--wp--preset--spacing--60);margin-bottom:var(--wp--preset--spacing--60);padding-top:0;padding-right:0;padding-bottom:0;padding-left:0\"><figure class=\"wp-block-media-text__media\"><img fetchpriority=\"high\" decoding=\"async\" width=\"1024\" height=\"576\" src=\"https:\/\/stage.rdvcanada.ca\/wp-content\/uploads\/2025\/10\/Telefilm_cinema-1024x576.jpg\" alt=\"Une salle de cinema\" class=\"wp-image-101501 size-full\" srcset=\"https:\/\/stage.rdvcanada.ca\/wp-content\/uploads\/2025\/10\/Telefilm_cinema-1024x576.jpg 1024w, https:\/\/stage.rdvcanada.ca\/wp-content\/uploads\/2025\/10\/Telefilm_cinema-768x432.jpg 768w, https:\/\/stage.rdvcanada.ca\/wp-content\/uploads\/2025\/10\/Telefilm_cinema-220x124.jpg 220w, https:\/\/stage.rdvcanada.ca\/wp-content\/uploads\/2025\/10\/Telefilm_cinema-1536x864.jpg 1536w, https:\/\/stage.rdvcanada.ca\/wp-content\/uploads\/2025\/10\/Telefilm_cinema.jpg 1920w\" sizes=\"(max-width: 1024px) 100vw, 1024px\" \/><\/figure><div class=\"wp-block-media-text__content\">\n<h2 class=\"wp-block-heading is-style-bottom-line\">COUP D\u2019\u0152IL SUR NOS ACTIVIT\u00c9S<\/h2>\n\n\n\n<p>Fond\u00e9e en 1967, T\u00e9l\u00e9film Canada est une soci\u00e9t\u00e9 d\u2019\u00c9tat faisant partie du portefeuille du minist\u00e8re de Patrimoine canadien. Sa mission est de promouvoir et de favoriser le d\u00e9veloppement, la production et la distribution de l\u2019industrie audiovisuelle au Canada.&nbsp;<\/p>\n\n\n\n<p>T\u00e9l\u00e9film soutient les entreprises dynamiques et un large \u00e9ventail de talents cr\u00e9atifs repr\u00e9sentant la richesse de la diversit\u00e9 canadienne, incluant les groupes racis\u00e9s, les communaut\u00e9s de langue officielle en situation minoritaire, la repr\u00e9sentation r\u00e9gionale et les voix autochtones.<\/p>\n\n\n\n<p>Le r\u00f4le de T\u00e9l\u00e9film est essentiel puisqu&#8217;il est actuellement le plus grand investisseur dans l&#8217;industrie cin\u00e9matographique canadienne.&nbsp;&nbsp;<\/p>\n\n\n\n<p>T\u00e9l\u00e9film transmet aussi ses recommandations au minist\u00e8re du Patrimoine canadien concernant la certification des coproductions audiovisuelles r\u00e9gies par des trait\u00e9s, et elle administre les programmes de financement du Fonds des m\u00e9dias du&nbsp;Canada.&nbsp;&nbsp;<\/p>\n<\/div><\/div>\n\n\n\n<h2 class=\"wp-block-heading has-text-align-center is-style-bg-canada\"><strong>NOUS APPUYONS ET DYNAMISONS L\u2019INDUSTRIE AUDIOVISUELLE CANADIENNE DE MULTIPLES FA\u00c7ONS<\/strong><\/h2>\n\n\n\n<p class=\"has-text-align-center has-large-font-size\">Gr\u00e2ce \u00e0 nos nombreux services et initiatives, nous contribuons \u00e0 la vitalit\u00e9, au succ\u00e8s et au rayonnement du talent canadien au pays et \u00e0 l\u2019international. Nos programmes de financement, outils de d\u00e9couvrabilit\u00e9 et initiatives de promotion telles que RDV Canada font de nous un incontournable de l\u2019industrie audiovisuelle canadienne.<\/p>\n\n\n\n<div class=\"wp-block-media-text alignwide has-media-on-the-right is-stacked-on-mobile is-image-fill-element is-style-filigrane-canada is-style-filigrane-canada-white\"><div class=\"wp-block-media-text__content\">\n<p>VOTRE RENDEZ-VOUS AVEC LE SUCC\u00c8S<\/p>\n\n\n\n<h2 class=\"wp-block-heading is-style-bottom-line\">\u00c0 L\u2019ORIGINE DE RDV CANADA&nbsp;: L\u2019\u00c9QUIPE DE T\u00c9L\u00c9FILM<\/h2>\n\n\n\n<p>Nous rassemblons les GRANDS talents sur la sc\u00e8ne internationale et nous vous aidons \u00e0 d\u00e9nicher le meilleur partenaire pour votre prochain projet. Nos r\u00e9pertoires SUR LE CIRCUIT vous permettent de trouver plus facilement que jamais la perle canadienne qu\u2019il vous faut pour propulser votre projet.<\/p>\n<\/div><figure class=\"wp-block-media-text__media\"><img decoding=\"async\" width=\"864\" height=\"576\" src=\"https:\/\/stage.rdvcanada.ca\/wp-content\/uploads\/2025\/10\/IMG_8251-864x576.jpg\" alt=\"\" class=\"wp-image-101497 size-full\" style=\"object-position:50% 50%\" srcset=\"https:\/\/stage.rdvcanada.ca\/wp-content\/uploads\/2025\/10\/IMG_8251-864x576.jpg 864w, https:\/\/stage.rdvcanada.ca\/wp-content\/uploads\/2025\/10\/IMG_8251-648x432.jpg 648w, https:\/\/stage.rdvcanada.ca\/wp-content\/uploads\/2025\/10\/IMG_8251-768x512.jpg 768w, https:\/\/stage.rdvcanada.ca\/wp-content\/uploads\/2025\/10\/IMG_8251-1536x1025.jpg 1536w, https:\/\/stage.rdvcanada.ca\/wp-content\/uploads\/2025\/10\/IMG_8251-2048x1366.jpg 2048w\" sizes=\"(max-width: 864px) 100vw, 864px\" \/><\/figure><\/div>\n\n\n\n<div class=\"wp-block-media-text alignwide is-stacked-on-mobile is-style-filigrane-erable is-style-filigrane-erable-white\"><figure class=\"wp-block-media-text__media\"><img decoding=\"async\" width=\"1024\" height=\"576\" src=\"https:\/\/stage.rdvcanada.ca\/wp-content\/uploads\/2025\/10\/Berlin2024_2-1024x576-1.jpg\" alt=\"\" class=\"wp-image-101506 size-full\" srcset=\"https:\/\/stage.rdvcanada.ca\/wp-content\/uploads\/2025\/10\/Berlin2024_2-1024x576-1.jpg 1024w, https:\/\/stage.rdvcanada.ca\/wp-content\/uploads\/2025\/10\/Berlin2024_2-1024x576-1-768x432.jpg 768w, https:\/\/stage.rdvcanada.ca\/wp-content\/uploads\/2025\/10\/Berlin2024_2-1024x576-1-220x124.jpg 220w\" sizes=\"(max-width: 1024px) 100vw, 1024px\" \/><\/figure><div class=\"wp-block-media-text__content\">\n<p>INITIATIVES DE PROMOTION<\/p>\n\n\n\n<h2 class=\"wp-block-heading is-style-bottom-line\">PAVILLON DU CANADA<\/h2>\n\n\n\n<p>Nos activit\u00e9s contribuent de bien des mani\u00e8res \u00e0 l\u2019industrie canadienne du contenu sur \u00e9cran.&nbsp;<\/p>\n\n\n\n<p>L\u2019une d\u2019entre elles est le bien-aim\u00e9 Pavillon du Canada! Notre espace de r\u00e9seautage unique est l\u2019un des points forts de nombreux march\u00e9s et festivals internationaux, ainsi qu\u2019un lieu de rencontre o\u00f9 nous proposons un \u00e9ventail d\u2019initiatives, d\u2019\u00e9v\u00e9nements et de programmes visant \u00e0 faciliter les \u00e9changes avec les talents canadiens. Soyez des n\u00f4tres et faites connaissance avec la cr\u00e8me des talents canadiens, des producteurs, des distributeurs et autres.<\/p>\n<\/div><\/div>\n\n\n\n<div class=\"wp-block-group alignfull is-style-bg--mapple-grey is-style-bg-mapple-grey\"><div class=\"wp-block-group__inner-container is-layout-constrained wp-block-group-is-layout-constrained\">\n<h2 class=\"wp-block-heading has-text-align-center\">\u00c0 D\u00c9COUVRIR SUR Telefilm.ca<\/h2>\n\n\n\n<div style=\"height:16px\" aria-hidden=\"true\" class=\"wp-block-spacer\"><\/div>\n\n\n\n<div class=\"wp-block-group is-style-grid-3 is-style-grid-3-special-steps-card\"><div class=\"wp-block-group__inner-container is-layout-flow wp-block-group-is-layout-flow\">\n\n\n\n<\/div><\/div>\n<\/div><\/div>\n\n\n\n<h2 class=\"wp-block-heading has-text-align-left\">VOUS COPRODUISEZ AVEC LE CANADA?<\/h2>\n\n\n\n\n<p class=\"has-text-align-left act-lead\">Votre production a beau \u00eatre termin\u00e9e, notre partenariat, lui, se poursuit. Les programmes visant \u00e0 soutenir l\u2019exportation et la promotion des coproductions, des projets et du talent canadiens permettent \u00e0 nos histoires d\u2019illuminer les \u00e9crans du monde entier.<\/p>\n\n\n\n\n<p>Nous augmentons sans cesse notre investissement dans la promotion internationale des cr\u00e9ations et des coproductions canadiennes afin d\u2019en favoriser la d\u00e9couvrabilit\u00e9 et de g\u00e9n\u00e9rer de nouvelles occasions d\u2019affaires.<\/p>\n\n\n\n<div class=\"wp-block-media-text alignwide has-media-on-the-right is-stacked-on-mobile is-style-classic\"><div class=\"wp-block-media-text__content\">\n<p>acc\u00e8s au financement canadien<\/p>\n\n\n\n<h3 class=\"wp-block-heading is-style-bottom-line\">PROGRAMME DE PROMOTION INTERNATIONALE<\/h3>\n\n\n\n<p>Nous renfor\u00e7ons la pr\u00e9sence internationale des talents canadiens en soutenant leur participation \u00e0 plus de 60 festivals et march\u00e9s \u00e0 travers le monde. Nos cr\u00e9ateurs attirent l\u2019attention et remportent des prix dans les \u00e9v\u00e9nements les plus prestigieux. Si votre coproduction est s\u00e9lectionn\u00e9e pour \u00eatre pr\u00e9sent\u00e9e dans un festival international reconnu, vous pourriez \u00eatre admissible \u00e0 une aide financi\u00e8re.<\/p>\n\n\n\n<div class=\"wp-block-buttons is-layout-flex wp-block-buttons-is-layout-flex\">\n<div class=\"wp-block-button\"><a class=\"wp-block-button__link wp-element-button\" href=\"https:\/\/telefilm.ca\/fr\/financement-et-soutien\/nos-programmes\/programmes-internationaux\">EN SAVOIR PLUS<\/a><\/div>\n<\/div>\n<\/div><figure class=\"wp-block-media-text__media\"><img decoding=\"async\" src=\"https:\/\/stage.rdvcanada.ca\/wp-content\/uploads\/2023\/11\/image2.png\" alt=\"\" class=\"wp-image-74906 size-full\"\/><\/figure><\/div>\n\n\n\n<div class=\"wp-block-media-text alignwide is-stacked-on-mobile is-style-classic\"><figure class=\"wp-block-media-text__media\"><img decoding=\"async\" src=\"https:\/\/stage.rdvcanada.ca\/wp-content\/uploads\/2024\/11\/shutterstock_2284725977-864x576.jpg\" alt=\"\" class=\"wp-image-76354 size-full\"\/><\/figure><div class=\"wp-block-media-text__content\">\n<p>acc\u00e8s au financement canadien<\/p>\n\n\n\n<h3 class=\"wp-block-heading is-style-bottom-line\">Programme de promotion internationale \u2013 Soutien \u00e0 la distribution<\/h3>\n\n\n\n<p>Nous octroyons une aide financi\u00e8re aux soci\u00e9t\u00e9s de distribution \u00e9trang\u00e8res afin de soutenir la projection en salle de productions cin\u00e9matographiques canadiennes, facilitant ainsi l\u2019engouement du public international pour les histoires canadiennes.<\/p>\n\n\n\n<div class=\"wp-block-buttons is-layout-flex wp-block-buttons-is-layout-flex\">\n<div class=\"wp-block-button\"><a class=\"wp-block-button__link wp-element-button\" href=\"https:\/\/telefilm.ca\/fr\/programmes\/programme-de-promotion-internationale-soutien-distribution\">EN SAVOIR PLUS<\/a><\/div>\n<\/div>\n<\/div><\/div>\n\n\n\n<div class=\"wp-block-group alignfull is-style-bg-grey is-style-bg-grey-custom add__figcaption figcaption__monia\"><div class=\"wp-block-group__inner-container is-layout-flow wp-block-group-is-layout-flow\"><\/div><\/div>\n\n\n\n<p><\/p>\n","protected":false},"excerpt":{"rendered":"<p>COUP D\u2019\u0152IL SUR NOS ACTIVIT\u00c9S Fond\u00e9e en 1967, T\u00e9l\u00e9film Canada est une soci\u00e9t\u00e9 d\u2019\u00c9tat faisant partie du portefeuille du minist\u00e8re de Patrimoine canadien. Sa mission est de promouvoir et de favoriser le d\u00e9veloppement, la production et la distribution de l\u2019industrie audiovisuelle au Canada.&nbsp; T\u00e9l\u00e9film soutient les entreprises dynamiques et un large \u00e9ventail de talents cr\u00e9atifs&#8230;<\/p>\n","protected":false},"author":1,"featured_media":0,"parent":99489,"menu_order":3,"comment_status":"closed","ping_status":"closed","template":"","meta":{"_acf_changed":false,"footnotes":""},"class_list":["post-99502","page","type-page","status-publish","hentry"],"acf":[],"_links":{"self":[{"href":"https:\/\/stage.rdvcanada.ca\/fr\/wp-json\/wp\/v2\/pages\/99502","targetHints":{"allow":["GET"]}}],"collection":[{"href":"https:\/\/stage.rdvcanada.ca\/fr\/wp-json\/wp\/v2\/pages"}],"about":[{"href":"https:\/\/stage.rdvcanada.ca\/fr\/wp-json\/wp\/v2\/types\/page"}],"author":[{"embeddable":true,"href":"https:\/\/stage.rdvcanada.ca\/fr\/wp-json\/wp\/v2\/users\/1"}],"replies":[{"embeddable":true,"href":"https:\/\/stage.rdvcanada.ca\/fr\/wp-json\/wp\/v2\/comments?post=99502"}],"version-history":[{"count":9,"href":"https:\/\/stage.rdvcanada.ca\/fr\/wp-json\/wp\/v2\/pages\/99502\/revisions"}],"predecessor-version":[{"id":119119,"href":"https:\/\/stage.rdvcanada.ca\/fr\/wp-json\/wp\/v2\/pages\/99502\/revisions\/119119"}],"up":[{"embeddable":true,"href":"https:\/\/stage.rdvcanada.ca\/fr\/wp-json\/wp\/v2\/pages\/99489"}],"wp:attachment":[{"href":"https:\/\/stage.rdvcanada.ca\/fr\/wp-json\/wp\/v2\/media?parent=99502"}],"curies":[{"name":"wp","href":"https:\/\/api.w.org\/{rel}","templated":true}]}}